{"id":4846,"date":"2024-07-01T14:59:01","date_gmt":"2024-07-01T11:59:01","guid":{"rendered":"https:\/\/www.chk.ee\/zone\/"},"modified":"2024-09-03T08:44:33","modified_gmt":"2024-09-03T05:44:33","slug":"zone","status":"publish","type":"page","link":"https:\/\/www.chk.ee\/fi\/palvelut\/kumppanuusohjelmat\/zone\/","title":{"rendered":"Zone"},"content":{"rendered":"\t\t<div data-elementor-type=\"wp-page\" data-elementor-id=\"4846\" class=\"elementor elementor-4846 elementor-3973\" data-elementor-post-type=\"page\">\n\t\t\t\t<div class=\"elementor-element elementor-element-62f04a22 e-flex e-con-boxed e-con e-parent\" data-id=\"62f04a22\" data-element_type=\"container\" data-e-type=\"container\">\n\t\t\t\t\t<div class=\"e-con-inner\">\n\t\t<div class=\"elementor-element elementor-element-69e558be e-con-full e-flex e-con e-child\" data-id=\"69e558be\" data-element_type=\"container\" data-e-type=\"container\">\n\t\t\t\t<div class=\"elementor-element elementor-element-7c7db81c elementor-widget elementor-widget-global elementor-global-1124 elementor-widget-heading\" data-id=\"7c7db81c\" data-element_type=\"widget\" data-e-type=\"widget\" data-widget_type=\"heading.default\">\n\t\t\t\t<div class=\"elementor-widget-container\">\n\t\t\t\t\t<div class=\"elementor-heading-title elementor-size-default\">\t\t<div class=\"breadcrumbs\" typeof=\"BreadcrumbList\" vocab=\"https:\/\/schema.org\/\">\n\t\t\t<span property=\"itemListElement\" typeof=\"ListItem\"><a property=\"item\" typeof=\"WebPage\" title=\"Go to Hea teada.\" href=\"https:\/\/www.chk.ee\/hea-teada\/\" class=\"post-root post post-post\" aria-current=\"page\"><span property=\"name\">Hea teada<\/span><\/a><meta property=\"position\" content=\"1\"><\/span>\t\t<\/div>\n\t\t<\/div>\t\t\t\t<\/div>\n\t\t\t\t<\/div>\n\t\t\t\t<\/div>\n\t\t\t\t\t<\/div>\n\t\t\t\t<\/div>\n\t\t<header class=\"elementor-element elementor-element-62c02885 e-flex e-con-boxed e-con e-parent\" data-id=\"62c02885\" data-element_type=\"container\" data-e-type=\"container\">\n\t\t\t\t\t<div class=\"e-con-inner\">\n\t\t<div class=\"elementor-element elementor-element-79f14a20 e-flex e-con-boxed e-con e-child\" data-id=\"79f14a20\" data-element_type=\"container\" data-e-type=\"container\" data-settings=\"{&quot;background_background&quot;:&quot;classic&quot;}\">\n\t\t\t\t\t<div class=\"e-con-inner\">\n\t\t\t\t<div class=\"elementor-element elementor-element-2a971027 elementor-widget elementor-widget-theme-post-featured-image elementor-widget-image\" data-id=\"2a971027\" data-element_type=\"widget\" data-e-type=\"widget\" data-widget_type=\"theme-post-featured-image.default\">\n\t\t\t\t<div class=\"elementor-widget-container\">\n\t\t\t\t\t\t\t\t\t\t\t\t\t\t\t<img fetchpriority=\"high\" decoding=\"async\" width=\"1200\" height=\"800\" src=\"https:\/\/www.chk.ee\/wp-content\/uploads\/2024\/07\/04may2023_134029_img_0959_photosilvergutmann-2.jpg\" class=\"attachment-1536x1536 size-1536x1536 wp-image-4595\" alt=\"\" srcset=\"https:\/\/www.chk.ee\/wp-content\/uploads\/2024\/07\/04may2023_134029_img_0959_photosilvergutmann-2.jpg 1200w, https:\/\/www.chk.ee\/wp-content\/uploads\/2024\/07\/04may2023_134029_img_0959_photosilvergutmann-2-300x200.jpg 300w, https:\/\/www.chk.ee\/wp-content\/uploads\/2024\/07\/04may2023_134029_img_0959_photosilvergutmann-2-1024x683.jpg 1024w, https:\/\/www.chk.ee\/wp-content\/uploads\/2024\/07\/04may2023_134029_img_0959_photosilvergutmann-2-768x512.jpg 768w, https:\/\/www.chk.ee\/wp-content\/uploads\/2024\/07\/04may2023_134029_img_0959_photosilvergutmann-2-600x400.jpg 600w\" sizes=\"(max-width: 1200px) 100vw, 1200px\" \/>\t\t\t\t\t\t\t\t\t\t\t\t\t\t\t<\/div>\n\t\t\t\t<\/div>\n\t\t\t\t<div class=\"elementor-element elementor-element-121af0cb elementor-widget__width-initial elementor-absolute elementor-widget elementor-widget-html\" data-id=\"121af0cb\" data-element_type=\"widget\" data-e-type=\"widget\" data-settings=\"{&quot;_position&quot;:&quot;absolute&quot;}\" data-widget_type=\"html.default\">\n\t\t\t\t<div class=\"elementor-widget-container\">\n\t\t\t\t\t<svg xmlns=\"http:\/\/www.w3.org\/2000\/svg\" fill=\"none\" viewBox=\"0 0 412 164\">\r\n  <path fill=\"#fff\" fill-rule=\"evenodd\" d=\"M.51.249 163.39 163.47h13.041L13.55.249H.51Zm40.833 0L204.225 163.47h13.041L54.398.249H41.343Zm40.848 0L245.073 163.47h13.04L95.231.249h-13.04Zm40.833 0L285.906 163.47h13.041L136.065.249h-13.041Zm40.834 0L326.754 163.47h13.041L176.913.249h-13.055Zm39.136 0L365.891 163.47h13.04L216.049.249h-13.055Zm39.137 0L405.013 163.47H412v-6.066L255.172.249h-13.041Zm39.136 0L412 131.255v-13.068L294.308.249h-13.041Zm39.137 0L412 92.037V78.969L333.444.249h-13.04Zm39.136 0L412 52.819V39.75L372.581.25H359.54Zm39.136 0L412 13.6V.532l-.283-.283h-13.041ZM0 27.589v13.069L122.558 163.47h13.04L0 27.59Zm0 40.934V81.59l81.71 81.88h13.04L0 68.523Zm0 40.919v13.068l40.876 40.961h13.04L0 109.442Zm0 40.919v13.082l.028.028H13.07L0 150.361Z\" clip-rule=\"evenodd\"\/>\r\n<\/svg>\t\t\t\t<\/div>\n\t\t\t\t<\/div>\n\t\t\t\t<div class=\"elementor-element elementor-element-a97d654 elementor-widget elementor-widget-heading\" data-id=\"a97d654\" data-element_type=\"widget\" data-e-type=\"widget\" data-widget_type=\"heading.default\">\n\t\t\t\t<div class=\"elementor-widget-container\">\n\t\t\t\t\t<h1 class=\"elementor-heading-title elementor-size-default\">ZONE-palvelu CHK:n asiakkaille<\/h1>\t\t\t\t<\/div>\n\t\t\t\t<\/div>\n\t\t\t\t\t<\/div>\n\t\t\t\t<\/div>\n\t\t\t\t\t<\/div>\n\t\t\t\t<\/header>\n\t\t<div class=\"elementor-element elementor-element-443c75af e-flex e-con-boxed e-con e-parent\" data-id=\"443c75af\" data-element_type=\"container\" data-e-type=\"container\">\n\t\t\t\t\t<div class=\"e-con-inner\">\n\t\t\t\t<div class=\"elementor-element elementor-element-ebc7872 elementor-widget elementor-widget-text-editor\" data-id=\"ebc7872\" data-element_type=\"widget\" data-e-type=\"widget\" data-widget_type=\"text-editor.default\">\n\t\t\t\t<div class=\"elementor-widget-container\">\n\t\t\t\t\t\t\t\t\t<p>Zone on virolainen internet tukipalvelujen tarjoaja, joka on tukenut palvelin- ja verkkotunnuspalveluillaan kymmeni\u00e4 tuhansia virolaisia ja kansainv\u00e4lisi\u00e4 yrityksi\u00e4, organisaatioita, startup-yrityksi\u00e4 ja yksityishenkil\u00f6it\u00e4.<\/p>\n\t\t\t\t\t\t\t\t<\/div>\n\t\t\t\t<\/div>\n\t\t\t\t<div class=\"elementor-element elementor-element-521b32a elementor-widget elementor-widget-text-editor\" data-id=\"521b32a\" data-element_type=\"widget\" data-e-type=\"widget\" data-widget_type=\"text-editor.default\">\n\t\t\t\t<div class=\"elementor-widget-container\">\n\t\t\t\t\t\t\t\t\t<p>Nelj\u00e4nnesvuosisata sitten toimintansa aloittanut Zone on ollut mukana lukemattomissa menestystarinoissa \u2013 monet nykyisist\u00e4 Viron yksisarvisista ovat ottaneet ensimm\u00e4iset askeleensa juuri Zonen palveluiden avulla. Zonen t\u00e4rkeimpi\u00e4 tavoitteita on tuoda yrityksesi tai hankkeesi mahdollisimman helposti verkkoon ja varmistaa sen moitteeton toiminta verkossa. Zonen palvelut ovat kuin portit, jotka avaavat tien visioillesi ja ideoillesi maailman jokaiseen kolkkaan.<\/p>\n\t\t\t\t\t\t\t\t<\/div>\n\t\t\t\t<\/div>\n\t\t\t\t\t<\/div>\n\t\t\t\t<\/div>\n\t\t<div class=\"elementor-element elementor-element-5e22f24 e-flex e-con-boxed e-con e-parent\" data-id=\"5e22f24\" data-element_type=\"container\" data-e-type=\"container\">\n\t\t\t\t\t<div class=\"e-con-inner\">\n\t\t<div class=\"elementor-element elementor-element-3c174b6 e-con-full e-flex e-con e-child\" data-id=\"3c174b6\" data-element_type=\"container\" data-e-type=\"container\">\n\t\t\t\t<div class=\"elementor-element elementor-element-1fc2c0f elementor-widget elementor-widget-heading\" data-id=\"1fc2c0f\" data-element_type=\"widget\" data-e-type=\"widget\" data-widget_type=\"heading.default\">\n\t\t\t\t<div class=\"elementor-widget-container\">\n\t\t\t\t\t<h2 class=\"elementor-heading-title elementor-size-default\">Verkkotunnusrekister\u00f6inti<\/h2>\t\t\t\t<\/div>\n\t\t\t\t<\/div>\n\t\t\t\t<div class=\"elementor-element elementor-element-08bf0a5 elementor-widget elementor-widget-text-editor\" data-id=\"08bf0a5\" data-element_type=\"widget\" data-e-type=\"widget\" data-widget_type=\"text-editor.default\">\n\t\t\t\t<div class=\"elementor-widget-container\">\n\t\t\t\t\t\t\t\t\t<p>Verkkotunnushaku auttaa l\u00f6yt\u00e4m\u00e4\u00e4n vapaan verkkotunnuksen \u2013 valikoimastamme l\u00f6ytyv\u00e4t .ee, .eu, .com, suurin osa Euroopan maista ja uudet yl\u00e4tason verkkotunnukset, yhteens\u00e4 yli 360 vaihtoehtoa.<\/p>\n\t\t\t\t\t\t\t\t<\/div>\n\t\t\t\t<\/div>\n\t\t\t\t<div class=\"elementor-element elementor-element-744dfcc elementor-widget elementor-widget-button\" data-id=\"744dfcc\" data-element_type=\"widget\" data-e-type=\"widget\" data-widget_type=\"button.default\">\n\t\t\t\t<div class=\"elementor-widget-container\">\n\t\t\t\t\t\t\t\t\t<div class=\"elementor-button-wrapper\">\n\t\t\t\t\t<a class=\"elementor-button elementor-button-link elementor-size-xl\" href=\"https:\/\/my.zone.eu\/et\/domeeni-otsing#\/?campaign=CHK\" target=\"_blank\" rel=\"nofollow\">\n\t\t\t\t\t\t<span class=\"elementor-button-content-wrapper\">\n\t\t\t\t\t\t\t\t\t<span class=\"elementor-button-text\">Siirry tilaamaan t\u00e4st\u00e4<\/span>\n\t\t\t\t\t<\/span>\n\t\t\t\t\t<\/a>\n\t\t\t\t<\/div>\n\t\t\t\t\t\t\t\t<\/div>\n\t\t\t\t<\/div>\n\t\t\t\t<\/div>\n\t\t<div class=\"elementor-element elementor-element-adbe67a e-con-full e-flex e-con e-child\" data-id=\"adbe67a\" data-element_type=\"container\" data-e-type=\"container\">\n\t\t\t\t<div class=\"elementor-element elementor-element-f5a7c45 elementor-widget elementor-widget-image\" data-id=\"f5a7c45\" data-element_type=\"widget\" data-e-type=\"widget\" data-widget_type=\"image.default\">\n\t\t\t\t<div class=\"elementor-widget-container\">\n\t\t\t\t\t\t\t\t\t\t\t\t\t\t\t<img decoding=\"async\" width=\"768\" height=\"469\" src=\"https:\/\/www.chk.ee\/wp-content\/uploads\/2024\/07\/dsc09777-1024x683-9-768x469.jpg\" class=\"attachment-medium_large size-medium_large wp-image-4730\" alt=\"\" srcset=\"https:\/\/www.chk.ee\/wp-content\/uploads\/2024\/07\/dsc09777-1024x683-9-768x469.jpg 768w, https:\/\/www.chk.ee\/wp-content\/uploads\/2024\/07\/dsc09777-1024x683-9-300x183.jpg 300w, https:\/\/www.chk.ee\/wp-content\/uploads\/2024\/07\/dsc09777-1024x683-9-1024x625.jpg 1024w, https:\/\/www.chk.ee\/wp-content\/uploads\/2024\/07\/dsc09777-1024x683-9-600x366.jpg 600w, https:\/\/www.chk.ee\/wp-content\/uploads\/2024\/07\/dsc09777-1024x683-9.jpg 1165w\" sizes=\"(max-width: 768px) 100vw, 768px\" \/>\t\t\t\t\t\t\t\t\t\t\t\t\t\t\t<\/div>\n\t\t\t\t<\/div>\n\t\t\t\t<\/div>\n\t\t\t\t\t<\/div>\n\t\t\t\t<\/div>\n\t\t<div class=\"elementor-element elementor-element-ae0a381 e-flex e-con-boxed e-con e-parent\" data-id=\"ae0a381\" data-element_type=\"container\" data-e-type=\"container\">\n\t\t\t\t\t<div class=\"e-con-inner\">\n\t\t<div class=\"elementor-element elementor-element-ecc819c e-con-full e-flex e-con e-child\" data-id=\"ecc819c\" data-element_type=\"container\" data-e-type=\"container\">\n\t\t\t\t<div class=\"elementor-element elementor-element-c7dc992 elementor-widget elementor-widget-heading\" data-id=\"c7dc992\" data-element_type=\"widget\" data-e-type=\"widget\" data-widget_type=\"heading.default\">\n\t\t\t\t<div class=\"elementor-widget-container\">\n\t\t\t\t\t<h2 class=\"elementor-heading-title elementor-size-default\">Virtuaalipalvelimen tilaaminen<\/h2>\t\t\t\t<\/div>\n\t\t\t\t<\/div>\n\t\t\t\t<div class=\"elementor-element elementor-element-c20979d elementor-widget elementor-widget-text-editor\" data-id=\"c20979d\" data-element_type=\"widget\" data-e-type=\"widget\" data-widget_type=\"text-editor.default\">\n\t\t\t\t<div class=\"elementor-widget-container\">\n\t\t\t\t\t\t\t\t\t<p>Zonen virtuaalipalvelin sis\u00e4lt\u00e4\u00e4 s\u00e4hk\u00f6posti-, verkko- ja tietokantapalvelun, DNS-palvelun ja kaiken muun, mit\u00e4 tarvitset, jotta saat internetin toimimaan nopeasti ja helposti.<\/p>\n\t\t\t\t\t\t\t\t<\/div>\n\t\t\t\t<\/div>\n\t\t\t\t<div class=\"elementor-element elementor-element-50d8f0f1 elementor-widget elementor-widget-button\" data-id=\"50d8f0f1\" data-element_type=\"widget\" data-e-type=\"widget\" data-widget_type=\"button.default\">\n\t\t\t\t<div class=\"elementor-widget-container\">\n\t\t\t\t\t\t\t\t\t<div class=\"elementor-button-wrapper\">\n\t\t\t\t\t<a class=\"elementor-button elementor-button-link elementor-size-xl\" href=\"https:\/\/my.zone.eu\/dashboard\/et\/order\/webhosting?campaign=CHK\" target=\"_blank\" rel=\"nofollow\">\n\t\t\t\t\t\t<span class=\"elementor-button-content-wrapper\">\n\t\t\t\t\t\t\t\t\t<span class=\"elementor-button-text\">Siirry tilaamaan t\u00e4st\u00e4<\/span>\n\t\t\t\t\t<\/span>\n\t\t\t\t\t<\/a>\n\t\t\t\t<\/div>\n\t\t\t\t\t\t\t\t<\/div>\n\t\t\t\t<\/div>\n\t\t\t\t<\/div>\n\t\t<div class=\"elementor-element elementor-element-b509ddf e-con-full e-flex e-con e-child\" data-id=\"b509ddf\" data-element_type=\"container\" data-e-type=\"container\">\n\t\t\t\t<div class=\"elementor-element elementor-element-bbf5cb4 elementor-widget elementor-widget-image\" data-id=\"bbf5cb4\" data-element_type=\"widget\" data-e-type=\"widget\" data-widget_type=\"image.default\">\n\t\t\t\t<div class=\"elementor-widget-container\">\n\t\t\t\t\t\t\t\t\t\t\t\t\t\t\t<img decoding=\"async\" width=\"768\" height=\"480\" src=\"https:\/\/www.chk.ee\/wp-content\/uploads\/2024\/07\/dsc09777-1024x683-8-768x480.jpg\" class=\"attachment-medium_large size-medium_large wp-image-4731\" alt=\"\" srcset=\"https:\/\/www.chk.ee\/wp-content\/uploads\/2024\/07\/dsc09777-1024x683-8-768x480.jpg 768w, https:\/\/www.chk.ee\/wp-content\/uploads\/2024\/07\/dsc09777-1024x683-8-300x187.jpg 300w, https:\/\/www.chk.ee\/wp-content\/uploads\/2024\/07\/dsc09777-1024x683-8-1024x640.jpg 1024w, https:\/\/www.chk.ee\/wp-content\/uploads\/2024\/07\/dsc09777-1024x683-8-600x375.jpg 600w, https:\/\/www.chk.ee\/wp-content\/uploads\/2024\/07\/dsc09777-1024x683-8.jpg 1165w\" sizes=\"(max-width: 768px) 100vw, 768px\" \/>\t\t\t\t\t\t\t\t\t\t\t\t\t\t\t<\/div>\n\t\t\t\t<\/div>\n\t\t\t\t<\/div>\n\t\t\t\t\t<\/div>\n\t\t\t\t<\/div>\n\t\t<div class=\"elementor-element elementor-element-378510e e-flex e-con-boxed e-con e-parent\" data-id=\"378510e\" data-element_type=\"container\" data-e-type=\"container\">\n\t\t\t\t\t<div class=\"e-con-inner\">\n\t\t\t\t<div class=\"elementor-element elementor-element-6687f014 elementor-align-right elementor-widget elementor-widget-button\" data-id=\"6687f014\" data-element_type=\"widget\" data-e-type=\"widget\" data-widget_type=\"button.default\">\n\t\t\t\t<div class=\"elementor-widget-container\">\n\t\t\t\t\t\t\t\t\t<div class=\"elementor-button-wrapper\">\n\t\t\t\t\t<a class=\"elementor-button elementor-button-link elementor-size-md\" href=\"https:\/\/www.chk.ee\/fi\/palvelut\/kumppanuusohjelmat\/\">\n\t\t\t\t\t\t<span class=\"elementor-button-content-wrapper\">\n\t\t\t\t\t\t<span class=\"elementor-button-icon\">\n\t\t\t\t<svg aria-hidden=\"true\" class=\"e-font-icon-svg e-fas-chevron-left\" viewBox=\"0 0 320 512\" xmlns=\"http:\/\/www.w3.org\/2000\/svg\"><path d=\"M34.52 239.03L228.87 44.69c9.37-9.37 24.57-9.37 33.94 0l22.67 22.67c9.36 9.36 9.37 24.52.04 33.9L131.49 256l154.02 154.75c9.34 9.38 9.32 24.54-.04 33.9l-22.67 22.67c-9.37 9.37-24.57 9.37-33.94 0L34.52 272.97c-9.37-9.37-9.37-24.57 0-33.94z\"><\/path><\/svg>\t\t\t<\/span>\n\t\t\t\t\t\t\t\t\t<span class=\"elementor-button-text\">Takaisin yhteisty\u00f6kumppanien tarjouksiin<\/span>\n\t\t\t\t\t<\/span>\n\t\t\t\t\t<\/a>\n\t\t\t\t<\/div>\n\t\t\t\t\t\t\t\t<\/div>\n\t\t\t\t<\/div>\n\t\t\t\t\t<\/div>\n\t\t\t\t<\/div>\n\t\t\t\t<\/div>\n\t\t","protected":false},"excerpt":{"rendered":"<p>ZONE-palvelu CHK:n asiakkaille Zone on virolainen internet tukipalvelujen tarjoaja, joka on tukenut palvelin- ja verkkotunnuspalveluillaan kymmeni\u00e4 tuhansia virolaisia ja kansainv\u00e4lisi\u00e4 yrityksi\u00e4, organisaatioita, startup-yrityksi\u00e4 ja yksityishenkil\u00f6it\u00e4. Nelj\u00e4nnesvuosisata sitten toimintansa aloittanut Zone on ollut mukana lukemattomissa menestystarinoissa \u2013 monet nykyisist\u00e4 Viron yksisarvisista ovat ottaneet ensimm\u00e4iset askeleensa juuri Zonen palveluiden avulla. Zonen t\u00e4rkeimpi\u00e4 tavoitteita on tuoda yrityksesi tai [&hellip;]<\/p>\n","protected":false},"author":1,"featured_media":4595,"parent":4851,"menu_order":0,"comment_status":"closed","ping_status":"closed","template":"","meta":{"_acf_changed":false,"footnotes":""},"class_list":["post-4846","page","type-page","status-publish","has-post-thumbnail","hentry"],"acf":[],"_links":{"self":[{"href":"https:\/\/www.chk.ee\/fi\/wp-json\/wp\/v2\/pages\/4846","targetHints":{"allow":["GET"]}}],"collection":[{"href":"https:\/\/www.chk.ee\/fi\/wp-json\/wp\/v2\/pages"}],"about":[{"href":"https:\/\/www.chk.ee\/fi\/wp-json\/wp\/v2\/types\/page"}],"author":[{"embeddable":true,"href":"https:\/\/www.chk.ee\/fi\/wp-json\/wp\/v2\/users\/1"}],"replies":[{"embeddable":true,"href":"https:\/\/www.chk.ee\/fi\/wp-json\/wp\/v2\/comments?post=4846"}],"version-history":[{"count":3,"href":"https:\/\/www.chk.ee\/fi\/wp-json\/wp\/v2\/pages\/4846\/revisions"}],"predecessor-version":[{"id":5190,"href":"https:\/\/www.chk.ee\/fi\/wp-json\/wp\/v2\/pages\/4846\/revisions\/5190"}],"up":[{"embeddable":true,"href":"https:\/\/www.chk.ee\/fi\/wp-json\/wp\/v2\/pages\/4851"}],"wp:featuredmedia":[{"embeddable":true,"href":"https:\/\/www.chk.ee\/fi\/wp-json\/wp\/v2\/media\/4595"}],"wp:attachment":[{"href":"https:\/\/www.chk.ee\/fi\/wp-json\/wp\/v2\/media?parent=4846"}],"curies":[{"name":"wp","href":"https:\/\/api.w.org\/{rel}","templated":true}]}}