{"id":4848,"date":"2024-07-01T13:10:28","date_gmt":"2024-07-01T10:10:28","guid":{"rendered":"https:\/\/www.chk.ee\/swedbank\/"},"modified":"2024-09-03T08:50:26","modified_gmt":"2024-09-03T05:50:26","slug":"swedbank","status":"publish","type":"page","link":"https:\/\/www.chk.ee\/fi\/palvelut\/kumppanuusohjelmat\/swedbank\/","title":{"rendered":"Swedbank"},"content":{"rendered":"\t\t<div data-elementor-type=\"wp-page\" data-elementor-id=\"4848\" class=\"elementor elementor-4848 elementor-3828\" data-elementor-post-type=\"page\">\n\t\t\t\t<div class=\"elementor-element elementor-element-62f04a22 e-flex e-con-boxed e-con e-parent\" data-id=\"62f04a22\" data-element_type=\"container\" data-e-type=\"container\">\n\t\t\t\t\t<div class=\"e-con-inner\">\n\t\t<div class=\"elementor-element elementor-element-69e558be e-con-full e-flex e-con e-child\" data-id=\"69e558be\" data-element_type=\"container\" data-e-type=\"container\">\n\t\t\t\t<div class=\"elementor-element elementor-element-7c7db81c elementor-widget elementor-widget-global elementor-global-1124 elementor-widget-heading\" data-id=\"7c7db81c\" data-element_type=\"widget\" data-e-type=\"widget\" data-widget_type=\"heading.default\">\n\t\t\t\t<div class=\"elementor-widget-container\">\n\t\t\t\t\t<div class=\"elementor-heading-title elementor-size-default\">\t\t<div class=\"breadcrumbs\" typeof=\"BreadcrumbList\" vocab=\"https:\/\/schema.org\/\">\n\t\t\t<span property=\"itemListElement\" typeof=\"ListItem\"><a property=\"item\" typeof=\"WebPage\" title=\"Go to Hea teada.\" href=\"https:\/\/www.chk.ee\/hea-teada\/\" class=\"post-root post post-post\" aria-current=\"page\"><span property=\"name\">Hea teada<\/span><\/a><meta property=\"position\" content=\"1\"><\/span>\t\t<\/div>\n\t\t<\/div>\t\t\t\t<\/div>\n\t\t\t\t<\/div>\n\t\t\t\t<\/div>\n\t\t\t\t\t<\/div>\n\t\t\t\t<\/div>\n\t\t<header class=\"elementor-element elementor-element-62c02885 e-flex e-con-boxed e-con e-parent\" data-id=\"62c02885\" data-element_type=\"container\" data-e-type=\"container\">\n\t\t\t\t\t<div class=\"e-con-inner\">\n\t\t<div class=\"elementor-element elementor-element-79f14a20 e-flex e-con-boxed e-con e-child\" data-id=\"79f14a20\" data-element_type=\"container\" data-e-type=\"container\" data-settings=\"{&quot;background_background&quot;:&quot;classic&quot;}\">\n\t\t\t\t\t<div class=\"e-con-inner\">\n\t\t\t\t<div class=\"elementor-element elementor-element-7da7d32d elementor-widget elementor-widget-theme-post-featured-image elementor-widget-image\" data-id=\"7da7d32d\" data-element_type=\"widget\" data-e-type=\"widget\" data-widget_type=\"theme-post-featured-image.default\">\n\t\t\t\t<div class=\"elementor-widget-container\">\n\t\t\t\t\t\t\t\t\t\t\t\t\t\t\t<img fetchpriority=\"high\" decoding=\"async\" width=\"1200\" height=\"808\" src=\"https:\/\/www.chk.ee\/wp-content\/uploads\/2024\/07\/05may2023_164109_img_3482_photosilvergutmann-2.jpg\" class=\"attachment-1536x1536 size-1536x1536 wp-image-4596\" alt=\"\" srcset=\"https:\/\/www.chk.ee\/wp-content\/uploads\/2024\/07\/05may2023_164109_img_3482_photosilvergutmann-2.jpg 1200w, https:\/\/www.chk.ee\/wp-content\/uploads\/2024\/07\/05may2023_164109_img_3482_photosilvergutmann-2-300x202.jpg 300w, https:\/\/www.chk.ee\/wp-content\/uploads\/2024\/07\/05may2023_164109_img_3482_photosilvergutmann-2-1024x689.jpg 1024w, https:\/\/www.chk.ee\/wp-content\/uploads\/2024\/07\/05may2023_164109_img_3482_photosilvergutmann-2-768x517.jpg 768w, https:\/\/www.chk.ee\/wp-content\/uploads\/2024\/07\/05may2023_164109_img_3482_photosilvergutmann-2-600x404.jpg 600w\" sizes=\"(max-width: 1200px) 100vw, 1200px\" \/>\t\t\t\t\t\t\t\t\t\t\t\t\t\t\t<\/div>\n\t\t\t\t<\/div>\n\t\t\t\t<div class=\"elementor-element elementor-element-121af0cb elementor-widget__width-initial elementor-absolute elementor-widget elementor-widget-html\" data-id=\"121af0cb\" data-element_type=\"widget\" data-e-type=\"widget\" data-settings=\"{&quot;_position&quot;:&quot;absolute&quot;}\" data-widget_type=\"html.default\">\n\t\t\t\t<div class=\"elementor-widget-container\">\n\t\t\t\t\t<svg xmlns=\"http:\/\/www.w3.org\/2000\/svg\" fill=\"none\" viewBox=\"0 0 412 164\">\r\n  <path fill=\"#fff\" fill-rule=\"evenodd\" d=\"M.51.249 163.39 163.47h13.041L13.55.249H.51Zm40.833 0L204.225 163.47h13.041L54.398.249H41.343Zm40.848 0L245.073 163.47h13.04L95.231.249h-13.04Zm40.833 0L285.906 163.47h13.041L136.065.249h-13.041Zm40.834 0L326.754 163.47h13.041L176.913.249h-13.055Zm39.136 0L365.891 163.47h13.04L216.049.249h-13.055Zm39.137 0L405.013 163.47H412v-6.066L255.172.249h-13.041Zm39.136 0L412 131.255v-13.068L294.308.249h-13.041Zm39.137 0L412 92.037V78.969L333.444.249h-13.04Zm39.136 0L412 52.819V39.75L372.581.25H359.54Zm39.136 0L412 13.6V.532l-.283-.283h-13.041ZM0 27.589v13.069L122.558 163.47h13.04L0 27.59Zm0 40.934V81.59l81.71 81.88h13.04L0 68.523Zm0 40.919v13.068l40.876 40.961h13.04L0 109.442Zm0 40.919v13.082l.028.028H13.07L0 150.361Z\" clip-rule=\"evenodd\"\/>\r\n<\/svg>\t\t\t\t<\/div>\n\t\t\t\t<\/div>\n\t\t\t\t<div class=\"elementor-element elementor-element-a97d654 elementor-widget elementor-widget-heading\" data-id=\"a97d654\" data-element_type=\"widget\" data-e-type=\"widget\" data-widget_type=\"heading.default\">\n\t\t\t\t<div class=\"elementor-widget-container\">\n\t\t\t\t\t<h1 class=\"elementor-heading-title elementor-size-default\">CHK-palvelu Swedbankin asiakkaille<\/h1>\t\t\t\t<\/div>\n\t\t\t\t<\/div>\n\t\t\t\t\t<\/div>\n\t\t\t\t<\/div>\n\t\t\t\t\t<\/div>\n\t\t\t\t<\/header>\n\t\t<div class=\"elementor-element elementor-element-443c75af e-flex e-con-boxed e-con e-parent\" data-id=\"443c75af\" data-element_type=\"container\" data-e-type=\"container\">\n\t\t\t\t\t<div class=\"e-con-inner\">\n\t\t\t\t<div class=\"elementor-element elementor-element-ebc7872 elementor-widget elementor-widget-text-editor\" data-id=\"ebc7872\" data-element_type=\"widget\" data-e-type=\"widget\" data-widget_type=\"text-editor.default\">\n\t\t\t\t<div class=\"elementor-widget-container\">\n\t\t\t\t\t\t\t\t\t<p>Swedbank on Viron suurin pankki, jonka on valinnut talouskumppanikseen yli 960 000 yksityis- ja 130 000 yritysasiakasta. Pankki tarjoaa laajan valikoiman rahoituspalveluita, muun muassa k\u00e4ytt\u00f6tilit, vakuutukset, luottokortit, lainat, el\u00e4keratkaisut ja sijoitukset sek\u00e4 yksityishenkil\u00f6ille ett\u00e4 yrityksille. Pankin tavoitteena on auttaa pit\u00e4m\u00e4\u00e4n ihmisten ja yritysten raha-asiat kunnossa pitk\u00e4ll\u00e4 aikav\u00e4lill\u00e4.<\/p>\n\t\t\t\t\t\t\t\t<\/div>\n\t\t\t\t<\/div>\n\t\t\t\t\t<\/div>\n\t\t\t\t<\/div>\n\t\t<div class=\"elementor-element elementor-element-54e084fa e-flex e-con-boxed e-con e-parent\" data-id=\"54e084fa\" data-element_type=\"container\" data-e-type=\"container\">\n\t\t\t\t\t<div class=\"e-con-inner\">\n\t\t<div class=\"elementor-element elementor-element-3e62ea3c e-con-full e-flex e-con e-child\" data-id=\"3e62ea3c\" data-element_type=\"container\" data-e-type=\"container\">\n\t\t\t\t<div class=\"elementor-element elementor-element-ff49770 elementor-widget elementor-widget-heading\" data-id=\"ff49770\" data-element_type=\"widget\" data-e-type=\"widget\" data-widget_type=\"heading.default\">\n\t\t\t\t<div class=\"elementor-widget-container\">\n\t\t\t\t\t<h2 class=\"elementor-heading-title elementor-size-default\">CHK \u2013 Christer Haimi<\/h2>\t\t\t\t<\/div>\n\t\t\t\t<\/div>\n\t\t\t\t<div class=\"elementor-element elementor-element-69160dfd elementor-widget elementor-widget-text-editor\" data-id=\"69160dfd\" data-element_type=\"widget\" data-e-type=\"widget\" data-widget_type=\"text-editor.default\">\n\t\t\t\t<div class=\"elementor-widget-container\">\n\t\t\t\t\t\t\t\t\t<p>Yhteisty\u00f6 oman alansa parhaiden kanssa, jotka tarjoavat korkealaatuisia palveluita, on aina arvokasta. T\u00e4llainen yhteisty\u00f6 luo vahvan perustan kaikkien osapuolten liiketoiminnalliselle menestykselle. Arvostan suuresti sit\u00e4, ett\u00e4 Swedbank on valinnut meid\u00e4t kirjanpitopalvelujen tarjoajaksi, jota se suosittelee yritysasiakkailleen.<\/p>\n\t\t\t\t\t\t\t\t<\/div>\n\t\t\t\t<\/div>\n\t\t\t\t<\/div>\n\t\t<div class=\"elementor-element elementor-element-b0b12eb e-con-full e-flex e-con e-child\" data-id=\"b0b12eb\" data-element_type=\"container\" data-e-type=\"container\">\n\t\t\t\t<div class=\"elementor-element elementor-element-ed42897 elementor-widget elementor-widget-heading\" data-id=\"ed42897\" data-element_type=\"widget\" data-e-type=\"widget\" data-widget_type=\"heading.default\">\n\t\t\t\t<div class=\"elementor-widget-container\">\n\t\t\t\t\t<h2 class=\"elementor-heading-title elementor-size-default\">Swedbank \u2013 Astrid Maldre<\/h2>\t\t\t\t<\/div>\n\t\t\t\t<\/div>\n\t\t\t\t<div class=\"elementor-element elementor-element-c00cc93 elementor-widget elementor-widget-text-editor\" data-id=\"c00cc93\" data-element_type=\"widget\" data-e-type=\"widget\" data-widget_type=\"text-editor.default\">\n\t\t\t\t<div class=\"elementor-widget-container\">\n\t\t\t\t\t\t\t\t\t<p>Swedbank tarjoaa yhteisty\u00f6ss\u00e4 CH Konsultatsioonid O\u00dc:n&nbsp; kanssa yritt\u00e4jille 30 % alennuksen hinnastosta. Alan ammattilaiset auttavat palkanlaskennassa, veroilmoituksissa ja tarvittaessa tilinp\u00e4\u00e4t\u00f6ksen laatimisessa ja ilmoittamisessa. Kun raportoinnista huolehditaan, yritt\u00e4j\u00e4 voi keskitty\u00e4 yrityksens\u00e4 ydinliiketoimintaan.<\/p>\n\t\t\t\t\t\t\t\t<\/div>\n\t\t\t\t<\/div>\n\t\t\t\t<\/div>\n\t\t\t\t\t<\/div>\n\t\t\t\t<\/div>\n\t\t<div class=\"elementor-element elementor-element-ae0a381 e-flex e-con-boxed e-con e-parent\" data-id=\"ae0a381\" data-element_type=\"container\" data-e-type=\"container\">\n\t\t\t\t\t<div class=\"e-con-inner\">\n\t\t<div class=\"elementor-element elementor-element-ecc819c e-con-full e-flex e-con e-child\" data-id=\"ecc819c\" data-element_type=\"container\" data-e-type=\"container\">\n\t\t\t\t<div class=\"elementor-element elementor-element-c7dc992 elementor-widget elementor-widget-heading\" data-id=\"c7dc992\" data-element_type=\"widget\" data-e-type=\"widget\" data-widget_type=\"heading.default\">\n\t\t\t\t<div class=\"elementor-widget-container\">\n\t\t\t\t\t<h2 class=\"elementor-heading-title elementor-size-default\">Tarjous <\/h2>\t\t\t\t<\/div>\n\t\t\t\t<\/div>\n\t\t\t\t<div class=\"elementor-element elementor-element-c20979d elementor-widget elementor-widget-text-editor\" data-id=\"c20979d\" data-element_type=\"widget\" data-e-type=\"widget\" data-widget_type=\"text-editor.default\">\n\t\t\t\t<div class=\"elementor-widget-container\">\n\t\t\t\t\t\t\t\t\t<p>T\u00e4yden palvelun kirjanpito CHK:lta \u2013 30 % alennusta voimassa olevasta hinnastosta kolmen kuukauden ajan sopimuksen tekop\u00e4iv\u00e4st\u00e4.<\/p>\n<ul>\n<li style=\"list-style-type: none;\">\n<ul>\n<li>Kuukausittainen paperiton kirjanpito, muun muassa veroilmoitusten tekeminen<\/li>\n<li>Palkanlaskenta<\/li>\n<li>Tilinp\u00e4\u00e4t\u00f6ksen laatiminen ja ilmoittaminen<\/li>\n<\/ul>\n<\/li>\n<\/ul>\n\t\t\t\t\t\t\t\t<\/div>\n\t\t\t\t<\/div>\n\t\t\t\t<div class=\"elementor-element elementor-element-50d8f0f1 elementor-widget elementor-widget-button\" data-id=\"50d8f0f1\" data-element_type=\"widget\" data-e-type=\"widget\" data-widget_type=\"button.default\">\n\t\t\t\t<div class=\"elementor-widget-container\">\n\t\t\t\t\t\t\t\t\t<div class=\"elementor-button-wrapper\">\n\t\t\t\t\t<a class=\"elementor-button elementor-button-link elementor-size-xl\" href=\"https:\/\/www.chk.ee\/fi\/yhteystiedot\/\">\n\t\t\t\t\t\t<span class=\"elementor-button-content-wrapper\">\n\t\t\t\t\t\t\t\t\t<span class=\"elementor-button-text\">Pyyd\u00e4 tarjous<\/span>\n\t\t\t\t\t<\/span>\n\t\t\t\t\t<\/a>\n\t\t\t\t<\/div>\n\t\t\t\t\t\t\t\t<\/div>\n\t\t\t\t<\/div>\n\t\t\t\t<\/div>\n\t\t<div class=\"elementor-element elementor-element-b509ddf e-con-full e-flex e-con e-child\" data-id=\"b509ddf\" data-element_type=\"container\" data-e-type=\"container\">\n\t\t\t\t<div class=\"elementor-element elementor-element-bbf5cb4 elementor-widget elementor-widget-image\" data-id=\"bbf5cb4\" data-element_type=\"widget\" data-e-type=\"widget\" data-widget_type=\"image.default\">\n\t\t\t\t<div class=\"elementor-widget-container\">\n\t\t\t\t\t\t\t\t\t\t\t\t\t\t\t<img decoding=\"async\" width=\"768\" height=\"480\" src=\"https:\/\/www.chk.ee\/wp-content\/uploads\/2024\/07\/dsc09777-1024x683-1-1-768x480.jpg\" class=\"attachment-medium_large size-medium_large wp-image-4594\" alt=\"\" srcset=\"https:\/\/www.chk.ee\/wp-content\/uploads\/2024\/07\/dsc09777-1024x683-1-1-768x480.jpg 768w, https:\/\/www.chk.ee\/wp-content\/uploads\/2024\/07\/dsc09777-1024x683-1-1-300x188.jpg 300w, https:\/\/www.chk.ee\/wp-content\/uploads\/2024\/07\/dsc09777-1024x683-1-1-1024x640.jpg 1024w, https:\/\/www.chk.ee\/wp-content\/uploads\/2024\/07\/dsc09777-1024x683-1-1-600x375.jpg 600w, https:\/\/www.chk.ee\/wp-content\/uploads\/2024\/07\/dsc09777-1024x683-1-1.jpg 1168w\" sizes=\"(max-width: 768px) 100vw, 768px\" \/>\t\t\t\t\t\t\t\t\t\t\t\t\t\t\t<\/div>\n\t\t\t\t<\/div>\n\t\t\t\t<\/div>\n\t\t\t\t\t<\/div>\n\t\t\t\t<\/div>\n\t\t<div class=\"elementor-element elementor-element-5e22f24 e-flex e-con-boxed e-con e-parent\" data-id=\"5e22f24\" data-element_type=\"container\" data-e-type=\"container\">\n\t\t\t\t\t<div class=\"e-con-inner\">\n\t\t<div class=\"elementor-element elementor-element-3c174b6 e-con-full e-flex e-con e-child\" data-id=\"3c174b6\" data-element_type=\"container\" data-e-type=\"container\">\n\t\t\t\t<div class=\"elementor-element elementor-element-1fc2c0f elementor-widget elementor-widget-heading\" data-id=\"1fc2c0f\" data-element_type=\"widget\" data-e-type=\"widget\" data-widget_type=\"heading.default\">\n\t\t\t\t<div class=\"elementor-widget-container\">\n\t\t\t\t\t<h2 class=\"elementor-heading-title elementor-size-default\">Tarjous 2<\/h2>\t\t\t\t<\/div>\n\t\t\t\t<\/div>\n\t\t\t\t<div class=\"elementor-element elementor-element-08bf0a5 elementor-widget elementor-widget-text-editor\" data-id=\"08bf0a5\" data-element_type=\"widget\" data-e-type=\"widget\" data-widget_type=\"text-editor.default\">\n\t\t\t\t<div class=\"elementor-widget-container\">\n\t\t\t\t\t\t\t\t\t<p>Maksuton kirjanpito- ja veroneuvonta, joka sis\u00e4lt\u00e4\u00e4:<\/p>\n<ul>\n<li>Perustiedot kirjanpidosta<\/li>\n<li>Perustiedot verotuksesta (mm. osingonmaksut)<\/li>\n<li>Perustiedot palkanlaskennasta<\/li>\n<li>Tilinp\u00e4\u00e4t\u00f6ksen laatiminen ja ilmoittaminen<\/li>\n<li>Tilastokeskuksen raportointi<\/li>\n<li>Tietoja kirjanpito-ohjelmistosta<\/li>\n<li>Kirjanpitopalvelun esittely<\/li>\n<li>Lis\u00e4tietoa \u2013 liiketoiminnan laajentaminen Suomeen, Ruotsiin tai Liettuaan.<\/li>\n<\/ul>\n<p>Mahdollinen tapaaminen voidaan toteuttaa verkossa tai kasvotusten Tarton tai Tallinnan toimitiloissa. Kesto 1 tunti.<\/p>\n\t\t\t\t\t\t\t\t<\/div>\n\t\t\t\t<\/div>\n\t\t<div class=\"elementor-element elementor-element-9769944 e-flex e-con-boxed e-con e-child\" data-id=\"9769944\" data-element_type=\"container\" data-e-type=\"container\">\n\t\t\t\t\t<div class=\"e-con-inner\">\n\t\t\t\t<div class=\"elementor-element elementor-element-744dfcc elementor-widget__width-auto elementor-widget elementor-widget-button\" data-id=\"744dfcc\" data-element_type=\"widget\" data-e-type=\"widget\" data-widget_type=\"button.default\">\n\t\t\t\t<div class=\"elementor-widget-container\">\n\t\t\t\t\t\t\t\t\t<div class=\"elementor-button-wrapper\">\n\t\t\t\t\t<a class=\"elementor-button elementor-button-link elementor-size-xl\" href=\"https:\/\/www.chk.ee\/fi\/yhteystiedot\/\">\n\t\t\t\t\t\t<span class=\"elementor-button-content-wrapper\">\n\t\t\t\t\t\t\t\t\t<span class=\"elementor-button-text\">Kysely<\/span>\n\t\t\t\t\t<\/span>\n\t\t\t\t\t<\/a>\n\t\t\t\t<\/div>\n\t\t\t\t\t\t\t\t<\/div>\n\t\t\t\t<\/div>\n\t\t\t\t<div class=\"elementor-element elementor-element-43a8983 elementor-widget__width-auto elementor-widget elementor-widget-button\" data-id=\"43a8983\" data-element_type=\"widget\" data-e-type=\"widget\" data-widget_type=\"button.default\">\n\t\t\t\t<div class=\"elementor-widget-container\">\n\t\t\t\t\t\t\t\t\t<div class=\"elementor-button-wrapper\">\n\t\t\t\t\t<a class=\"elementor-button elementor-button-link elementor-size-xl\" href=\"https:\/\/calendly.com\/railiilves\/\" target=\"_blank\" rel=\"nofollow\">\n\t\t\t\t\t\t<span class=\"elementor-button-content-wrapper\">\n\t\t\t\t\t\t\t\t\t<span class=\"elementor-button-text\">Neuvonta<\/span>\n\t\t\t\t\t<\/span>\n\t\t\t\t\t<\/a>\n\t\t\t\t<\/div>\n\t\t\t\t\t\t\t\t<\/div>\n\t\t\t\t<\/div>\n\t\t\t\t\t<\/div>\n\t\t\t\t<\/div>\n\t\t\t\t<\/div>\n\t\t<div class=\"elementor-element elementor-element-adbe67a e-con-full e-flex e-con e-child\" data-id=\"adbe67a\" data-element_type=\"container\" data-e-type=\"container\">\n\t\t\t\t<div class=\"elementor-element elementor-element-f5a7c45 elementor-widget elementor-widget-image\" data-id=\"f5a7c45\" data-element_type=\"widget\" data-e-type=\"widget\" data-widget_type=\"image.default\">\n\t\t\t\t<div class=\"elementor-widget-container\">\n\t\t\t\t\t\t\t\t\t\t\t\t\t\t\t<img decoding=\"async\" width=\"768\" height=\"512\" src=\"https:\/\/www.chk.ee\/wp-content\/uploads\/2024\/09\/adobestock_317203611-768x512.jpeg\" class=\"attachment-medium_large size-medium_large wp-image-4523\" alt=\"\" srcset=\"https:\/\/www.chk.ee\/wp-content\/uploads\/2024\/09\/adobestock_317203611-768x512.jpeg 768w, https:\/\/www.chk.ee\/wp-content\/uploads\/2024\/09\/adobestock_317203611-300x200.jpeg 300w, https:\/\/www.chk.ee\/wp-content\/uploads\/2024\/09\/adobestock_317203611-1024x683.jpeg 1024w, https:\/\/www.chk.ee\/wp-content\/uploads\/2024\/09\/adobestock_317203611-1536x1025.jpeg 1536w, https:\/\/www.chk.ee\/wp-content\/uploads\/2024\/09\/adobestock_317203611-600x400.jpeg 600w, https:\/\/www.chk.ee\/wp-content\/uploads\/2024\/09\/adobestock_317203611.jpeg 1920w\" sizes=\"(max-width: 768px) 100vw, 768px\" \/>\t\t\t\t\t\t\t\t\t\t\t\t\t\t\t<\/div>\n\t\t\t\t<\/div>\n\t\t\t\t<\/div>\n\t\t\t\t\t<\/div>\n\t\t\t\t<\/div>\n\t\t<div class=\"elementor-element elementor-element-378510e e-flex e-con-boxed e-con e-parent\" data-id=\"378510e\" data-element_type=\"container\" data-e-type=\"container\">\n\t\t\t\t\t<div class=\"e-con-inner\">\n\t\t<div class=\"elementor-element elementor-element-b367e77 e-con-full e-flex e-con e-child\" data-id=\"b367e77\" data-element_type=\"container\" data-e-type=\"container\">\n\t\t\t\t<div class=\"elementor-element elementor-element-6687f014 elementor-align-right elementor-widget elementor-widget-button\" data-id=\"6687f014\" data-element_type=\"widget\" data-e-type=\"widget\" data-widget_type=\"button.default\">\n\t\t\t\t<div class=\"elementor-widget-container\">\n\t\t\t\t\t\t\t\t\t<div class=\"elementor-button-wrapper\">\n\t\t\t\t\t<a class=\"elementor-button elementor-button-link elementor-size-md\" href=\"https:\/\/www.chk.ee\/fi\/palvelut\/kumppanuusohjelmat\/\">\n\t\t\t\t\t\t<span class=\"elementor-button-content-wrapper\">\n\t\t\t\t\t\t<span class=\"elementor-button-icon\">\n\t\t\t\t<svg aria-hidden=\"true\" class=\"e-font-icon-svg e-fas-chevron-left\" viewBox=\"0 0 320 512\" xmlns=\"http:\/\/www.w3.org\/2000\/svg\"><path d=\"M34.52 239.03L228.87 44.69c9.37-9.37 24.57-9.37 33.94 0l22.67 22.67c9.36 9.36 9.37 24.52.04 33.9L131.49 256l154.02 154.75c9.34 9.38 9.32 24.54-.04 33.9l-22.67 22.67c-9.37 9.37-24.57 9.37-33.94 0L34.52 272.97c-9.37-9.37-9.37-24.57 0-33.94z\"><\/path><\/svg>\t\t\t<\/span>\n\t\t\t\t\t\t\t\t\t<span class=\"elementor-button-text\">Takaisin yhteisty\u00f6kumppanien tarjouksiin<\/span>\n\t\t\t\t\t<\/span>\n\t\t\t\t\t<\/a>\n\t\t\t\t<\/div>\n\t\t\t\t\t\t\t\t<\/div>\n\t\t\t\t<\/div>\n\t\t\t\t<\/div>\n\t\t\t\t\t<\/div>\n\t\t\t\t<\/div>\n\t\t<div class=\"elementor-element elementor-element-6bc5043b elementor-hidden-desktop elementor-hidden-tablet elementor-hidden-mobile e-flex e-con-boxed e-con e-parent\" data-id=\"6bc5043b\" data-element_type=\"container\" data-e-type=\"container\" id=\"kandideeri\">\n\t\t\t\t\t<div class=\"e-con-inner\">\n\t\t\t\t<div class=\"elementor-element elementor-element-6086d237 elementor-widget elementor-widget-heading\" data-id=\"6086d237\" data-element_type=\"widget\" data-e-type=\"widget\" data-widget_type=\"heading.default\">\n\t\t\t\t<div class=\"elementor-widget-container\">\n\t\t\t\t\t<h2 class=\"elementor-heading-title elementor-size-default\">Kiinnostuitko? Pyyd\u00e4 tarjous!<\/h2>\t\t\t\t<\/div>\n\t\t\t\t<\/div>\n\t\t\t\t<div class=\"elementor-element elementor-element-7d1d8014 elementor-widget__width-initial elementor-widget-mobile__width-inherit elementor-button-align-stretch elementor-widget elementor-widget-form\" data-id=\"7d1d8014\" data-element_type=\"widget\" data-e-type=\"widget\" data-settings=\"{&quot;step_type&quot;:&quot;none&quot;,&quot;step_icon_shape&quot;:&quot;none&quot;,&quot;button_width&quot;:&quot;100&quot;}\" data-widget_type=\"form.default\">\n\t\t\t\t<div class=\"elementor-widget-container\">\n\t\t\t\t\t\t\t<form class=\"elementor-form\" method=\"post\" name=\"Kumppanilomake\" aria-label=\"Kumppanilomake\">\n\t\t\t<input type=\"hidden\" name=\"post_id\" value=\"4848\"\/>\n\t\t\t<input type=\"hidden\" name=\"form_id\" value=\"7d1d8014\"\/>\n\t\t\t<input type=\"hidden\" name=\"referer_title\" value=\"Swedbank - CH Konsultatsioonid O\u00dc\" \/>\n\n\t\t\t\t\t\t\t<input type=\"hidden\" name=\"queried_id\" value=\"4848\"\/>\n\t\t\t\n\t\t\t<div class=\"elementor-form-fields-wrapper elementor-labels-above\">\n\t\t\t\t\t\t\t\t<div class=\"elementor-field-type-select elementor-field-group elementor-column elementor-field-group-pakkumine elementor-col-100 elementor-field-required\">\n\t\t\t\t\t\t\t\t\t\t\t\t<label for=\"form-field-pakkumine\" class=\"elementor-field-label\">\n\t\t\t\t\t\t\t\tValitse tarjous\t\t\t\t\t\t\t<\/label>\n\t\t\t\t\t\t\t\t<div class=\"elementor-field elementor-select-wrapper remove-before \">\n\t\t\t<div class=\"select-caret-down-wrapper\">\n\t\t\t\t<svg aria-hidden=\"true\" class=\"e-font-icon-svg e-eicon-caret-down\" viewBox=\"0 0 571.4 571.4\" xmlns=\"http:\/\/www.w3.org\/2000\/svg\"><path d=\"M571 393Q571 407 561 418L311 668Q300 679 286 679T261 668L11 418Q0 407 0 393T11 368 36 357H536Q550 357 561 368T571 393Z\"><\/path><\/svg>\t\t\t<\/div>\n\t\t\t<select name=\"form_fields[pakkumine]\" id=\"form-field-pakkumine\" class=\"elementor-field-textual elementor-size-lg\" required=\"required\">\n\t\t\t\t\t\t\t\t\t<option value=\"\">valitse tarjous<\/option>\n\t\t\t\t\t\t\t\t\t<option value=\"Tarjous 1\">Tarjous 1<\/option>\n\t\t\t\t\t\t\t\t\t<option value=\"Tarjous 2\">Tarjous 2<\/option>\n\t\t\t\t\t\t\t<\/select>\n\t\t<\/div>\n\t\t\t\t\t\t<\/div>\n\t\t\t\t\t\t\t\t<div class=\"elementor-field-type-text elementor-field-group elementor-column elementor-field-group-soodus elementor-col-100\">\n\t\t\t\t\t\t\t\t\t\t\t\t<label for=\"form-field-soodus\" class=\"elementor-field-label\">\n\t\t\t\t\t\t\t\tAlennuskoodi\t\t\t\t\t\t\t<\/label>\n\t\t\t\t\t\t\t\t\t\t\t\t\t\t<input size=\"1\" type=\"text\" name=\"form_fields[soodus]\" id=\"form-field-soodus\" class=\"elementor-field elementor-size-lg  elementor-field-textual\" placeholder=\"alennus\">\n\t\t\t\t\t\t\t\t\t\t\t<\/div>\n\t\t\t\t\t\t\t\t<div class=\"elementor-field-type-text elementor-field-group elementor-column elementor-field-group-name elementor-col-100\">\n\t\t\t\t\t\t\t\t\t\t\t\t<label for=\"form-field-name\" class=\"elementor-field-label\">\n\t\t\t\t\t\t\t\tNimi\t\t\t\t\t\t\t<\/label>\n\t\t\t\t\t\t\t\t\t\t\t\t\t\t<input size=\"1\" type=\"text\" name=\"form_fields[name]\" id=\"form-field-name\" class=\"elementor-field elementor-size-lg  elementor-field-textual\" placeholder=\"nimi\">\n\t\t\t\t\t\t\t\t\t\t\t<\/div>\n\t\t\t\t\t\t\t\t<div class=\"elementor-field-type-email elementor-field-group elementor-column elementor-field-group-email elementor-col-100 elementor-field-required\">\n\t\t\t\t\t\t\t\t\t\t\t\t<label for=\"form-field-email\" class=\"elementor-field-label\">\n\t\t\t\t\t\t\t\tS\u00e4hk\u00f6posti\t\t\t\t\t\t\t<\/label>\n\t\t\t\t\t\t\t\t\t\t\t\t\t\t<input size=\"1\" type=\"email\" name=\"form_fields[email]\" id=\"form-field-email\" class=\"elementor-field elementor-size-lg  elementor-field-textual\" placeholder=\"s\u00e4hk\u00f6posti\" required=\"required\">\n\t\t\t\t\t\t\t\t\t\t\t<\/div>\n\t\t\t\t\t\t\t\t<div class=\"elementor-field-type-tel elementor-field-group elementor-column elementor-field-group-phone elementor-col-100\">\n\t\t\t\t\t\t\t\t\t\t\t\t<label for=\"form-field-phone\" class=\"elementor-field-label\">\n\t\t\t\t\t\t\t\tPuhelin\t\t\t\t\t\t\t<\/label>\n\t\t\t\t\t\t\t\t<input size=\"1\" type=\"tel\" name=\"form_fields[phone]\" id=\"form-field-phone\" class=\"elementor-field elementor-size-lg  elementor-field-textual\" placeholder=\"puhelin\" pattern=\"[0-9()#&amp;+*-=.]+\" title=\"Only numbers and phone characters (#, -, *, etc) are accepted.\">\n\n\t\t\t\t\t\t<\/div>\n\t\t\t\t\t\t\t\t<div class=\"elementor-field-type-textarea elementor-field-group elementor-column elementor-field-group-info elementor-col-100\">\n\t\t\t\t\t\t\t\t\t\t\t\t<label for=\"form-field-info\" class=\"elementor-field-label\">\n\t\t\t\t\t\t\t\tViesti\t\t\t\t\t\t\t<\/label>\n\t\t\t\t\t\t<textarea class=\"elementor-field-textual elementor-field  elementor-size-lg\" name=\"form_fields[info]\" id=\"form-field-info\" rows=\"4\" placeholder=\"viesti\"><\/textarea>\t\t\t\t<\/div>\n\t\t\t\t\t\t\t\t<div class=\"elementor-field-group elementor-column elementor-field-type-submit elementor-col-100 e-form__buttons\">\n\t\t\t\t\t<button class=\"elementor-button elementor-size-xl\" type=\"submit\">\n\t\t\t\t\t\t<span class=\"elementor-button-content-wrapper\">\n\t\t\t\t\t\t\t\t\t\t\t\t\t\t\t\t\t\t\t\t\t\t<span class=\"elementor-button-text\">L\u00e4het\u00e4<\/span>\n\t\t\t\t\t\t\t\t\t\t\t\t\t<\/span>\n\t\t\t\t\t<\/button>\n\t\t\t\t<\/div>\n\t\t\t<\/div>\n\t\t<\/form>\n\t\t\t\t\t\t<\/div>\n\t\t\t\t<\/div>\n\t\t\t\t\t<\/div>\n\t\t\t\t<\/div>\n\t\t\t\t<\/div>\n\t\t","protected":false},"excerpt":{"rendered":"<p>CHK-palvelu Swedbankin asiakkaille Swedbank on Viron suurin pankki, jonka on valinnut talouskumppanikseen yli 960 000 yksityis- ja 130 000 yritysasiakasta. Pankki tarjoaa laajan valikoiman rahoituspalveluita, muun muassa k\u00e4ytt\u00f6tilit, vakuutukset, luottokortit, lainat, el\u00e4keratkaisut ja sijoitukset sek\u00e4 yksityishenkil\u00f6ille ett\u00e4 yrityksille. Pankin tavoitteena on auttaa pit\u00e4m\u00e4\u00e4n ihmisten ja yritysten raha-asiat kunnossa pitk\u00e4ll\u00e4 aikav\u00e4lill\u00e4. CHK \u2013 Christer Haimi Yhteisty\u00f6 [&hellip;]<\/p>\n","protected":false},"author":1,"featured_media":4596,"parent":4851,"menu_order":0,"comment_status":"closed","ping_status":"closed","template":"","meta":{"_acf_changed":false,"footnotes":""},"class_list":["post-4848","page","type-page","status-publish","has-post-thumbnail","hentry"],"acf":[],"_links":{"self":[{"href":"https:\/\/www.chk.ee\/fi\/wp-json\/wp\/v2\/pages\/4848","targetHints":{"allow":["GET"]}}],"collection":[{"href":"https:\/\/www.chk.ee\/fi\/wp-json\/wp\/v2\/pages"}],"about":[{"href":"https:\/\/www.chk.ee\/fi\/wp-json\/wp\/v2\/types\/page"}],"author":[{"embeddable":true,"href":"https:\/\/www.chk.ee\/fi\/wp-json\/wp\/v2\/users\/1"}],"replies":[{"embeddable":true,"href":"https:\/\/www.chk.ee\/fi\/wp-json\/wp\/v2\/comments?post=4848"}],"version-history":[{"count":3,"href":"https:\/\/www.chk.ee\/fi\/wp-json\/wp\/v2\/pages\/4848\/revisions"}],"predecessor-version":[{"id":5201,"href":"https:\/\/www.chk.ee\/fi\/wp-json\/wp\/v2\/pages\/4848\/revisions\/5201"}],"up":[{"embeddable":true,"href":"https:\/\/www.chk.ee\/fi\/wp-json\/wp\/v2\/pages\/4851"}],"wp:featuredmedia":[{"embeddable":true,"href":"https:\/\/www.chk.ee\/fi\/wp-json\/wp\/v2\/media\/4596"}],"wp:attachment":[{"href":"https:\/\/www.chk.ee\/fi\/wp-json\/wp\/v2\/media?parent=4848"}],"curies":[{"name":"wp","href":"https:\/\/api.w.org\/{rel}","templated":true}]}}