{"id":4865,"date":"2023-09-14T09:26:21","date_gmt":"2023-09-14T06:26:21","guid":{"rendered":"https:\/\/www.chk.ee\/ravitsemisalan-yrityksille\/"},"modified":"2024-09-09T10:25:07","modified_gmt":"2024-09-09T07:25:07","slug":"ravitsemisalan-yrityksille","status":"publish","type":"page","link":"https:\/\/www.chk.ee\/fi\/palvelut\/ravitsemisalan-yrityksille\/","title":{"rendered":"Ravitsemisalan yrityksille"},"content":{"rendered":"\t\t<div data-elementor-type=\"wp-page\" data-elementor-id=\"4865\" class=\"elementor elementor-4865 elementor-1709\" data-elementor-post-type=\"page\">\n\t\t\t\t<div class=\"elementor-element elementor-element-770e267 e-flex e-con-boxed e-con e-parent\" data-id=\"770e267\" data-element_type=\"container\" data-e-type=\"container\">\n\t\t\t\t\t<div class=\"e-con-inner\">\n\t\t<div class=\"elementor-element elementor-element-cb418d3 e-con-full e-flex e-con e-child\" data-id=\"cb418d3\" data-element_type=\"container\" data-e-type=\"container\">\n\t\t\t\t<div class=\"elementor-element elementor-element-5b8a7bc elementor-widget elementor-widget-global elementor-global-1124 elementor-widget-heading\" data-id=\"5b8a7bc\" data-element_type=\"widget\" data-e-type=\"widget\" data-widget_type=\"heading.default\">\n\t\t\t\t<div class=\"elementor-widget-container\">\n\t\t\t\t\t<div class=\"elementor-heading-title elementor-size-default\">\t\t<div class=\"breadcrumbs\" typeof=\"BreadcrumbList\" vocab=\"https:\/\/schema.org\/\">\n\t\t\t<span property=\"itemListElement\" typeof=\"ListItem\"><a property=\"item\" typeof=\"WebPage\" title=\"Go to Hea teada.\" href=\"https:\/\/www.chk.ee\/hea-teada\/\" class=\"post-root post post-post\" aria-current=\"page\"><span property=\"name\">Hea teada<\/span><\/a><meta property=\"position\" content=\"1\"><\/span>\t\t<\/div>\n\t\t<\/div>\t\t\t\t<\/div>\n\t\t\t\t<\/div>\n\t\t\t\t<div class=\"elementor-element elementor-element-394f381 elementor-widget__width-initial elementor-widget elementor-widget-text-editor\" data-id=\"394f381\" data-element_type=\"widget\" data-e-type=\"widget\" data-widget_type=\"text-editor.default\">\n\t\t\t\t<div class=\"elementor-widget-container\">\n\t\t\t\t\t\t\t\t\t<p>CHK huolehtii ravitsemisalan yrityksesi kirjanpidosta, jotta voit keskitty\u00e4 tarjoamaan asiakkaillesi ensiluokkaista palvelua.<\/p>\n\t\t\t\t\t\t\t\t<\/div>\n\t\t\t\t<\/div>\n\t\t\t\t<div class=\"elementor-element elementor-element-690dfa7 elementor-widget-divider--separator-type-pattern elementor-widget-divider--view-line elementor-invisible elementor-widget elementor-widget-divider\" data-id=\"690dfa7\" data-element_type=\"widget\" data-e-type=\"widget\" data-settings=\"{&quot;_animation&quot;:&quot;rubberBand&quot;}\" data-widget_type=\"divider.default\">\n\t\t\t\t<div class=\"elementor-widget-container\">\n\t\t\t\t\t\t\t<div class=\"elementor-divider\" style=\"--divider-pattern-url: url(&quot;data:image\/svg+xml,%3Csvg xmlns=&#039;http:\/\/www.w3.org\/2000\/svg&#039; preserveAspectRatio=&#039;none&#039; overflow=&#039;visible&#039; height=&#039;100%&#039; viewBox=&#039;0 0 24 24&#039; fill=&#039;none&#039; stroke=&#039;black&#039; stroke-width=&#039;5&#039; stroke-linecap=&#039;square&#039; stroke-miterlimit=&#039;10&#039;%3E%3Cpolyline points=&#039;0,18 12,6 24,18 &#039;\/%3E%3C\/svg%3E&quot;);\">\n\t\t\t<span class=\"elementor-divider-separator\">\n\t\t\t\t\t\t<\/span>\n\t\t<\/div>\n\t\t\t\t\t\t<\/div>\n\t\t\t\t<\/div>\n\t\t\t\t<\/div>\n\t\t<div class=\"elementor-element elementor-element-793c325 e-con-full elementor-hidden-mobile e-flex e-con e-child\" data-id=\"793c325\" data-element_type=\"container\" data-e-type=\"container\">\n\t\t\t\t<div class=\"elementor-element elementor-element-95f07e5 elementor-align-center elementor-widget elementor-widget-lottie\" data-id=\"95f07e5\" data-element_type=\"widget\" data-e-type=\"widget\" data-settings=\"{&quot;source_json&quot;:{&quot;url&quot;:&quot;https:\\\/\\\/www.chk.ee\\\/wp-content\\\/uploads\\\/2023\\\/09\\\/chk_mummud_v2.json&quot;,&quot;id&quot;:2924,&quot;size&quot;:&quot;&quot;,&quot;alt&quot;:&quot;&quot;,&quot;source&quot;:&quot;library&quot;},&quot;lazyload&quot;:&quot;yes&quot;,&quot;_animation&quot;:&quot;none&quot;,&quot;source&quot;:&quot;media_file&quot;,&quot;caption_source&quot;:&quot;none&quot;,&quot;link_to&quot;:&quot;none&quot;,&quot;trigger&quot;:&quot;arriving_to_viewport&quot;,&quot;viewport&quot;:{&quot;unit&quot;:&quot;%&quot;,&quot;size&quot;:&quot;&quot;,&quot;sizes&quot;:{&quot;start&quot;:0,&quot;end&quot;:100}},&quot;play_speed&quot;:{&quot;unit&quot;:&quot;px&quot;,&quot;size&quot;:1,&quot;sizes&quot;:[]},&quot;start_point&quot;:{&quot;unit&quot;:&quot;%&quot;,&quot;size&quot;:0,&quot;sizes&quot;:[]},&quot;end_point&quot;:{&quot;unit&quot;:&quot;%&quot;,&quot;size&quot;:100,&quot;sizes&quot;:[]},&quot;renderer&quot;:&quot;svg&quot;}\" data-widget_type=\"lottie.default\">\n\t\t\t\t<div class=\"elementor-widget-container\">\n\t\t\t\t\t<div class=\"e-lottie__container\"><div class=\"e-lottie__animation\"><\/div><\/div>\t\t\t\t<\/div>\n\t\t\t\t<\/div>\n\t\t\t\t<\/div>\n\t\t\t\t\t<\/div>\n\t\t\t\t<\/div>\n\t\t<div class=\"elementor-element elementor-element-3e48ced e-flex e-con-boxed e-con e-parent\" data-id=\"3e48ced\" data-element_type=\"container\" data-e-type=\"container\" data-settings=\"{&quot;background_background&quot;:&quot;classic&quot;}\">\n\t\t\t\t\t<div class=\"e-con-inner\">\n\t\t<div class=\"elementor-element elementor-element-83a4693 e-con-full e-flex e-con e-child\" data-id=\"83a4693\" data-element_type=\"container\" data-e-type=\"container\">\n\t\t\t\t<div class=\"elementor-element elementor-element-1413535 elementor-widget elementor-widget-image\" data-id=\"1413535\" data-element_type=\"widget\" data-e-type=\"widget\" data-widget_type=\"image.default\">\n\t\t\t\t<div class=\"elementor-widget-container\">\n\t\t\t\t\t\t\t\t\t\t\t\t\t\t\t<img fetchpriority=\"high\" decoding=\"async\" width=\"768\" height=\"941\" src=\"https:\/\/www.chk.ee\/wp-content\/uploads\/2023\/09\/toitlustus-768x941.jpg\" class=\"attachment-medium_large size-medium_large wp-image-6022\" alt=\"Raamatupidamine toitlustusettev\u00f5ttele\" srcset=\"https:\/\/www.chk.ee\/wp-content\/uploads\/2023\/09\/toitlustus-768x941.jpg 768w, https:\/\/www.chk.ee\/wp-content\/uploads\/2023\/09\/toitlustus-245x300.jpg 245w, https:\/\/www.chk.ee\/wp-content\/uploads\/2023\/09\/toitlustus-836x1024.jpg 836w, https:\/\/www.chk.ee\/wp-content\/uploads\/2023\/09\/toitlustus-1253x1536.jpg 1253w, https:\/\/www.chk.ee\/wp-content\/uploads\/2023\/09\/toitlustus-1671x2048.jpg 1671w, https:\/\/www.chk.ee\/wp-content\/uploads\/2023\/09\/toitlustus-600x735.jpg 600w\" sizes=\"(max-width: 768px) 100vw, 768px\" \/>\t\t\t\t\t\t\t\t\t\t\t\t\t\t\t<\/div>\n\t\t\t\t<\/div>\n\t\t\t\t<\/div>\n\t\t<div class=\"elementor-element elementor-element-936a980 e-con-full e-flex e-con e-child\" data-id=\"936a980\" data-element_type=\"container\" data-e-type=\"container\">\n\t\t\t\t<div class=\"elementor-element elementor-element-4ebf572 elementor-widget elementor-widget-text-editor\" data-id=\"4ebf572\" data-element_type=\"widget\" data-e-type=\"widget\" data-widget_type=\"text-editor.default\">\n\t\t\t\t<div class=\"elementor-widget-container\">\n\t\t\t\t\t\t\t\t\t<p><strong>CHK tarjoaa ravitsemisalan yrityksille innovatiivisten ratkaisujen avulla niin perinteisi\u00e4 kirjanpitopalveluita kuin r\u00e4\u00e4t\u00e4l\u00f6ityj\u00e4 erikoisratkaisuja kunkin yrityksen erityistarpeisiin. Lis\u00e4ksi voimme halutessasi auttaa prosessien automatisoinnissa.<\/strong><\/p>\n<p>Ymm\u00e4rr\u00e4mme, ett\u00e4 ravitsemisalan yrityksen prosessien organisointi voi olla haastavaa, koska yrityksess\u00e4 hoidetaan yht\u00e4 aikaa niin tavaroiden valmistus, myynti kuin palveluiden tarjoaminen. T\u00e4t\u00e4 voidaan tehostaa <strong>automatisoimalla kirjanpitoprosesseja.<\/strong> Ravitsemisalan yrityksille t\u00e4m\u00e4 on t\u00e4rke\u00e4\u00e4, sill\u00e4 niille on ominaista suuri asiakirjojen (erityisesti ostolaskujen) m\u00e4\u00e4r\u00e4. <strong>CHK auttaa v\u00e4hent\u00e4m\u00e4\u00e4n paperity\u00f6t\u00e4.<\/strong><\/p>\n<p>Ravitsemisalan yrityksille on usein tyypillist\u00e4 kausiluonteisuus ja siihen liittyv\u00e4 ty\u00f6voiman vaihtuvuus. T\u00e4m\u00e4 tarkoittaa, ett\u00e4 tehd\u00e4\u00e4n my\u00f6s erityyppisi\u00e4 sopimuksia, kuten (m\u00e4\u00e4r\u00e4aikaisia) ty\u00f6sopimuksia, urakkasopimuksia ja toimeksiantosopimuksia. Lis\u00e4ksi on huomioitava vuoroty\u00f6n ja alaik\u00e4isten kanssa teht\u00e4vien sopimusten erityispiirteet. <strong>CHK:n asiantuntijat auttavat yhteisty\u00f6kumppaneidensa avulla laatimaan asianmukaiset sopimukset.<\/strong><\/p>\n<p>Meill\u00e4 on erityisesti kokemusta <strong>CompuCash-<\/strong> ja <strong>Noomi-<\/strong>ohjelmien k\u00e4yt\u00f6st\u00e4, joita k\u00e4ytt\u00e4\u00e4 suurin osa Viron ravitsemisalan yrityksist\u00e4. Tarjoamme taloushallintopalvelua CHK:n <strong><a href=\"https:\/\/trigon.cloud\/#home\" target=\"_blank\" rel=\"noopener\">Trigon<\/a><\/strong>-verkkopohjaisessa sovelluksessa, jonka kautta voi laatia ja l\u00e4hett\u00e4\u00e4 myyntilaskuja asiakkaille sek\u00e4 tarkastella kirjanpitoraportteja. Lis\u00e4ksi hoidamme palkanlaskennan <strong>Merit Palk<\/strong> -ohjelmassa.<\/p>\n<p>Ota yhteytt\u00e4, niin l\u00f6yd\u00e4mme sinulle parhaan ratkaisun!<\/p>\n\t\t\t\t\t\t\t\t<\/div>\n\t\t\t\t<\/div>\n\t\t\t\t<div class=\"elementor-element elementor-element-1058d48 elementor-widget elementor-widget-button\" data-id=\"1058d48\" data-element_type=\"widget\" data-e-type=\"widget\" data-widget_type=\"button.default\">\n\t\t\t\t<div class=\"elementor-widget-container\">\n\t\t\t\t\t\t\t\t\t<div class=\"elementor-button-wrapper\">\n\t\t\t\t\t<a class=\"elementor-button elementor-button-link elementor-size-xl\" href=\"https:\/\/www.chk.ee\/fi\/yhteystiedot\/\">\n\t\t\t\t\t\t<span class=\"elementor-button-content-wrapper\">\n\t\t\t\t\t\t\t\t\t<span class=\"elementor-button-text\">Ota yhteytt\u00e4<\/span>\n\t\t\t\t\t<\/span>\n\t\t\t\t\t<\/a>\n\t\t\t\t<\/div>\n\t\t\t\t\t\t\t\t<\/div>\n\t\t\t\t<\/div>\n\t\t\t\t<\/div>\n\t\t\t\t\t<\/div>\n\t\t\t\t<\/div>\n\t\t<div class=\"elementor-element elementor-element-2ad8c17 e-flex e-con-boxed e-con e-parent\" data-id=\"2ad8c17\" data-element_type=\"container\" data-e-type=\"container\">\n\t\t\t\t\t<div class=\"e-con-inner\">\n\t\t\t\t<div class=\"elementor-element elementor-element-6858870 elementor-widget elementor-widget-heading\" data-id=\"6858870\" data-element_type=\"widget\" data-e-type=\"widget\" data-widget_type=\"heading.default\">\n\t\t\t\t<div class=\"elementor-widget-container\">\n\t\t\t\t\t<h2 class=\"elementor-heading-title elementor-size-default\">palautetta asiakkailtamme<\/h2>\t\t\t\t<\/div>\n\t\t\t\t<\/div>\n\t\t\t\t<div class=\"elementor-element elementor-element-b991d1a elementor-testimonial--layout-image_stacked elementor-testimonial--skin-default elementor-testimonial--align-center elementor-arrows-yes elementor-widget elementor-widget-testimonial-carousel\" data-id=\"b991d1a\" data-element_type=\"widget\" data-e-type=\"widget\" data-settings=\"{&quot;slides_per_view&quot;:&quot;1&quot;,&quot;slides_to_scroll&quot;:&quot;1&quot;,&quot;lazyload&quot;:&quot;yes&quot;,&quot;autoplay_speed&quot;:8000,&quot;show_arrows&quot;:&quot;yes&quot;,&quot;speed&quot;:500,&quot;autoplay&quot;:&quot;yes&quot;,&quot;loop&quot;:&quot;yes&quot;,&quot;pause_on_hover&quot;:&quot;yes&quot;,&quot;pause_on_interaction&quot;:&quot;yes&quot;,&quot;space_between&quot;:{&quot;unit&quot;:&quot;px&quot;,&quot;size&quot;:10,&quot;sizes&quot;:[]},&quot;space_between_tablet&quot;:{&quot;unit&quot;:&quot;px&quot;,&quot;size&quot;:10,&quot;sizes&quot;:[]},&quot;space_between_mobile&quot;:{&quot;unit&quot;:&quot;px&quot;,&quot;size&quot;:10,&quot;sizes&quot;:[]}}\" data-widget_type=\"testimonial-carousel.default\">\n\t\t\t\t<div class=\"elementor-widget-container\">\n\t\t\t\t\t\t\t\t\t<div class=\"elementor-swiper\">\n\t\t\t\t\t<div class=\"elementor-main-swiper swiper\" role=\"region\" aria-roledescription=\"carousel\" aria-label=\"Slides\">\n\t\t\t\t<div class=\"swiper-wrapper\">\n\t\t\t\t\t\t\t\t\t\t\t<div class=\"swiper-slide\" role=\"group\" aria-roledescription=\"slide\">\n\t\t\t\t\t\t\t\t\t<div class=\"elementor-testimonial\">\n\t\t\t\t\t\t\t<div class=\"elementor-testimonial__content\">\n\t\t\t\t\t<div class=\"elementor-testimonial__text\">\n\t\t\t\t\t\t<p>Koska ravitsemisalalla on paljon kirjanpitoon liittyv\u00e4\u00e4 paperity\u00f6t\u00e4, olemme todella tyytyv\u00e4isi\u00e4, ett\u00e4 l\u00f6ysimme yhteisty\u00f6kumppanin, joka auttaa meit\u00e4 hallitsemaan sit\u00e4.<br \/>\nAivan kuten me olemme sitoutuneet tarjoamaan asiakkaillemme parhaan mahdollisen pubikokemuksen, CHK tarjoaa kirjanpitopalveluitaan aidolla intohimolla. Meill\u00e4 on ollut ilo saada n\u00e4in ammattitaitoista palvelua!<\/p>\n\t\t\t\t\t<\/div>\n\t\t\t\t\t\t\t\t\t<\/div>\n\t\t\t\t\t\t<div class=\"elementor-testimonial__footer\">\n\t\t\t\t\t\t\t\t<cite class=\"elementor-testimonial__cite\"><span class=\"elementor-testimonial__name\">Pub \"6teist kannu\" <\/span><\/cite>\t\t\t<\/div>\n\t\t<\/div>\n\t\t\t\t\t\t\t\t<\/div>\n\t\t\t\t\t\t\t\t\t\t\t<div class=\"swiper-slide\" role=\"group\" aria-roledescription=\"slide\">\n\t\t\t\t\t\t\t\t\t<div class=\"elementor-testimonial\">\n\t\t\t\t\t\t\t<div class=\"elementor-testimonial__content\">\n\t\t\t\t\t<div class=\"elementor-testimonial__text\">\n\t\t\t\t\t\t<p>Hyv\u00e4ss\u00e4 drinkiss\u00e4 eri maut ja ainesosat on saatava toimimaan saumattomasti yhteen. Sama p\u00e4tee liiketoimintaan \u2013 kirjanpidon on toimittava yht\u00e4 saumattomasti.<br \/>\nRavitsemisalan yrityksen kirjanpito voi olla haastavaa. Laskentatoimestamme huolehtii CHK, jolle mik\u00e4\u00e4n kysymys ei ole liian haastava. Emme voisi olla tyytyv\u00e4isempi\u00e4!<\/p>\n\t\t\t\t\t<\/div>\n\t\t\t\t\t\t\t\t\t<\/div>\n\t\t\t\t\t\t<div class=\"elementor-testimonial__footer\">\n\t\t\t\t\t\t\t\t<cite class=\"elementor-testimonial__cite\"><span class=\"elementor-testimonial__name\">Willy&Rudy<\/span><\/cite>\t\t\t<\/div>\n\t\t<\/div>\n\t\t\t\t\t\t\t\t<\/div>\n\t\t\t\t\t\t\t\t\t\t\t<div class=\"swiper-slide\" role=\"group\" aria-roledescription=\"slide\">\n\t\t\t\t\t\t\t\t\t<div class=\"elementor-testimonial\">\n\t\t\t\t\t\t\t<div class=\"elementor-testimonial__content\">\n\t\t\t\t\t<div class=\"elementor-testimonial__text\">\n\t\t\t\t\t\t<p>Ravitsemisala on hyvinvointitaloutta siin\u00e4 mieless\u00e4, ett\u00e4 huolehdimme siit\u00e4, ett\u00e4 vieras viihtyy. Koska keskitymme tuotteeseemme ja asiakkaisiimme, on meille t\u00e4rke\u00e4\u00e4, ett\u00e4 yhteisty\u00f6kumppanimme huolehtii asioista, joissa he ovat parhaimmillaan. Muistutukset, hyv\u00e4t suositukset, ohjelmistotuki, palkat ja lomat sek\u00e4 ihmiset, jotka ovat aina valmiita vastaamaan, kun me sit\u00e4 tarvitsemme. Asiakkaan tunteminen tarkoittaa ymm\u00e4rryst\u00e4 siit\u00e4, ett\u00e4 h\u00e4n ei ajattele raportointitaulukkojen ja tilitapahtumien kielell\u00e4. Meit\u00e4 yhdist\u00e4\u00e4 kuitenkin yksi asia \u2013 halu tehd\u00e4 hyvin se, mink\u00e4 osaamme parhaiten.<\/p>\n\t\t\t\t\t<\/div>\n\t\t\t\t\t\t\t\t\t<\/div>\n\t\t\t\t\t\t<div class=\"elementor-testimonial__footer\">\n\t\t\t\t\t\t\t\t<cite class=\"elementor-testimonial__cite\"><span class=\"elementor-testimonial__name\">Pierre Caf\u00e9 & Restaurant<\/span><\/cite>\t\t\t<\/div>\n\t\t<\/div>\n\t\t\t\t\t\t\t\t<\/div>\n\t\t\t\t\t\t\t\t\t\t\t<div class=\"swiper-slide\" role=\"group\" aria-roledescription=\"slide\">\n\t\t\t\t\t\t\t\t\t<div class=\"elementor-testimonial\">\n\t\t\t\t\t\t\t<div class=\"elementor-testimonial__content\">\n\t\t\t\t\t<div class=\"elementor-testimonial__text\">\n\t\t\t\t\t\t<p>Kahvilaketjuumme kuuluu t\u00e4ll\u00e4 hetkell\u00e4 kolme kahvilaa Tallinnassa. Kirjanpitopalveluiden lis\u00e4ksi olemme tilanneet CHK:lta rahoitusanalyysej\u00e4 ja yrityksen arvonm\u00e4\u00e4rityksi\u00e4. N\u00e4m\u00e4 analyysit auttavat meit\u00e4 suunnittelemaan liiketoimintamme vaiheita ja tekem\u00e4\u00e4n hy\u00f6dyllisi\u00e4 tulevaisuuteen suuntautuvia p\u00e4\u00e4t\u00f6ksi\u00e4. Lis\u00e4ksi t\u00e4llaiset analyysit tarjoavat ammattimaisempaa palautetta pankeille, kun on tarpeen hakea lainaa. CHK on ollut meille joustava ja asiantunteva kumppani, olipa kyse sitten p\u00e4ivitt\u00e4isest\u00e4 kirjanpidosta tai erityist\u00e4 osaamista vaativasta analyytikon ty\u00f6st\u00e4.<\/p>\n\t\t\t\t\t<\/div>\n\t\t\t\t\t\t\t\t\t<\/div>\n\t\t\t\t\t\t<div class=\"elementor-testimonial__footer\">\n\t\t\t\t\t\t\t\t<cite class=\"elementor-testimonial__cite\"><span class=\"elementor-testimonial__name\">Ristikheina Kohvik<\/span><\/cite>\t\t\t<\/div>\n\t\t<\/div>\n\t\t\t\t\t\t\t\t<\/div>\n\t\t\t\t\t\t\t\t\t<\/div>\n\t\t\t\t\t\t\t\t\t\t\t\t\t\t\t<div class=\"elementor-swiper-button elementor-swiper-button-prev\" role=\"button\" tabindex=\"0\" aria-label=\"Previous\">\n\t\t\t\t\t\t\t<svg aria-hidden=\"true\" class=\"e-font-icon-svg e-eicon-chevron-left\" viewBox=\"0 0 1000 1000\" xmlns=\"http:\/\/www.w3.org\/2000\/svg\"><path d=\"M646 125C629 125 613 133 604 142L308 442C296 454 292 471 292 487 292 504 296 521 308 533L604 854C617 867 629 875 646 875 663 875 679 871 692 858 704 846 713 829 713 812 713 796 708 779 692 767L438 487 692 225C700 217 708 204 708 187 708 171 704 154 692 142 675 129 663 125 646 125Z\"><\/path><\/svg>\t\t\t\t\t\t<\/div>\n\t\t\t\t\t\t<div class=\"elementor-swiper-button elementor-swiper-button-next\" role=\"button\" tabindex=\"0\" aria-label=\"Next\">\n\t\t\t\t\t\t\t<svg aria-hidden=\"true\" class=\"e-font-icon-svg e-eicon-chevron-right\" viewBox=\"0 0 1000 1000\" xmlns=\"http:\/\/www.w3.org\/2000\/svg\"><path d=\"M696 533C708 521 713 504 713 487 713 471 708 454 696 446L400 146C388 133 375 125 354 125 338 125 325 129 313 142 300 154 292 171 292 187 292 204 296 221 308 233L563 492 304 771C292 783 288 800 288 817 288 833 296 850 308 863 321 871 338 875 354 875 371 875 388 867 400 854L696 533Z\"><\/path><\/svg>\t\t\t\t\t\t<\/div>\n\t\t\t\t\t\t\t\t\t\t\t\t\t\t\t\t\t<\/div>\n\t\t\t\t<\/div>\n\t\t\t\t\t\t\t\t<\/div>\n\t\t\t\t<\/div>\n\t\t\t\t\t<\/div>\n\t\t\t\t<\/div>\n\t\t<div class=\"elementor-element elementor-element-d85b410 e-flex e-con-boxed e-con e-parent\" data-id=\"d85b410\" data-element_type=\"container\" data-e-type=\"container\" data-settings=\"{&quot;background_background&quot;:&quot;classic&quot;}\">\n\t\t\t\t\t<div class=\"e-con-inner\">\n\t\t\t\t<div class=\"elementor-element elementor-element-61d6dd4 elementor-grid-tablet-3 elementor-grid-3 elementor-grid-mobile-1 elementor-widget elementor-widget-loop-grid\" data-id=\"61d6dd4\" data-element_type=\"widget\" data-e-type=\"widget\" data-settings=\"{&quot;template_id&quot;:1800,&quot;row_gap&quot;:{&quot;unit&quot;:&quot;px&quot;,&quot;size&quot;:50,&quot;sizes&quot;:[]},&quot;columns_tablet&quot;:3,&quot;_skin&quot;:&quot;post&quot;,&quot;columns&quot;:&quot;3&quot;,&quot;columns_mobile&quot;:&quot;1&quot;,&quot;edit_handle_selector&quot;:&quot;[data-elementor-type=\\&quot;loop-item\\&quot;]&quot;,&quot;row_gap_tablet&quot;:{&quot;unit&quot;:&quot;px&quot;,&quot;size&quot;:&quot;&quot;,&quot;sizes&quot;:[]},&quot;row_gap_mobile&quot;:{&quot;unit&quot;:&quot;px&quot;,&quot;size&quot;:&quot;&quot;,&quot;sizes&quot;:[]}}\" data-widget_type=\"loop-grid.post\">\n\t\t\t\t<div class=\"elementor-widget-container\">\n\t\t\t\t\t\t\t<div class=\"e-loop-nothing-found-message\">\n\t\t<\/div>\n\t\t\t\t\t\t<\/div>\n\t\t\t\t<\/div>\n\t\t\t\t\t<\/div>\n\t\t\t\t<\/div>\n\t\t\t\t<\/div>\n\t\t","protected":false},"excerpt":{"rendered":"<p>CHK huolehtii ravitsemisalan yrityksesi kirjanpidosta, jotta voit keskitty\u00e4 tarjoamaan asiakkaillesi ensiluokkaista palvelua. CHK tarjoaa ravitsemisalan yrityksille innovatiivisten ratkaisujen avulla niin perinteisi\u00e4 kirjanpitopalveluita kuin r\u00e4\u00e4t\u00e4l\u00f6ityj\u00e4 erikoisratkaisuja kunkin yrityksen erityistarpeisiin. Lis\u00e4ksi voimme halutessasi auttaa prosessien automatisoinnissa. Ymm\u00e4rr\u00e4mme, ett\u00e4 ravitsemisalan yrityksen prosessien organisointi voi olla haastavaa, koska yrityksess\u00e4 hoidetaan yht\u00e4 aikaa niin tavaroiden valmistus, myynti kuin palveluiden tarjoaminen. [&hellip;]<\/p>\n","protected":false},"author":1,"featured_media":0,"parent":4921,"menu_order":0,"comment_status":"closed","ping_status":"closed","template":"","meta":{"_acf_changed":false,"footnotes":""},"class_list":["post-4865","page","type-page","status-publish","hentry"],"acf":[],"_links":{"self":[{"href":"https:\/\/www.chk.ee\/fi\/wp-json\/wp\/v2\/pages\/4865","targetHints":{"allow":["GET"]}}],"collection":[{"href":"https:\/\/www.chk.ee\/fi\/wp-json\/wp\/v2\/pages"}],"about":[{"href":"https:\/\/www.chk.ee\/fi\/wp-json\/wp\/v2\/types\/page"}],"author":[{"embeddable":true,"href":"https:\/\/www.chk.ee\/fi\/wp-json\/wp\/v2\/users\/1"}],"replies":[{"embeddable":true,"href":"https:\/\/www.chk.ee\/fi\/wp-json\/wp\/v2\/comments?post=4865"}],"version-history":[{"count":3,"href":"https:\/\/www.chk.ee\/fi\/wp-json\/wp\/v2\/pages\/4865\/revisions"}],"predecessor-version":[{"id":5472,"href":"https:\/\/www.chk.ee\/fi\/wp-json\/wp\/v2\/pages\/4865\/revisions\/5472"}],"up":[{"embeddable":true,"href":"https:\/\/www.chk.ee\/fi\/wp-json\/wp\/v2\/pages\/4921"}],"wp:attachment":[{"href":"https:\/\/www.chk.ee\/fi\/wp-json\/wp\/v2\/media?parent=4865"}],"curies":[{"name":"wp","href":"https:\/\/api.w.org\/{rel}","templated":true}]}}