{"id":4887,"date":"2023-09-13T16:54:19","date_gmt":"2023-09-13T13:54:19","guid":{"rendered":"https:\/\/www.chk.ee\/ariteenused-eestis\/"},"modified":"2024-09-09T10:24:26","modified_gmt":"2024-09-09T07:24:26","slug":"yrityspalvelut-virossa","status":"publish","type":"page","link":"https:\/\/www.chk.ee\/fi\/palvelut\/yrityspalvelut\/yrityspalvelut-virossa\/","title":{"rendered":"Yrityspalvelut Virossa"},"content":{"rendered":"\t\t<div data-elementor-type=\"wp-page\" data-elementor-id=\"4887\" class=\"elementor elementor-4887 elementor-1581\" data-elementor-post-type=\"page\">\n\t\t\t\t<div class=\"elementor-element elementor-element-c32a253 e-flex e-con-boxed e-con e-parent\" data-id=\"c32a253\" data-element_type=\"container\" data-e-type=\"container\">\n\t\t\t\t\t<div class=\"e-con-inner\">\n\t\t<div class=\"elementor-element elementor-element-ef5b1f2 e-con-full e-flex e-con e-child\" data-id=\"ef5b1f2\" data-element_type=\"container\" data-e-type=\"container\">\n\t\t\t\t<div class=\"elementor-element elementor-element-5a022ee elementor-widget elementor-widget-global elementor-global-1124 elementor-widget-heading\" data-id=\"5a022ee\" data-element_type=\"widget\" data-e-type=\"widget\" data-widget_type=\"heading.default\">\n\t\t\t\t<div class=\"elementor-widget-container\">\n\t\t\t\t\t<div class=\"elementor-heading-title elementor-size-default\">\t\t<div class=\"breadcrumbs\" typeof=\"BreadcrumbList\" vocab=\"https:\/\/schema.org\/\">\n\t\t\t<span property=\"itemListElement\" typeof=\"ListItem\"><a property=\"item\" typeof=\"WebPage\" title=\"Go to Hea teada.\" href=\"https:\/\/www.chk.ee\/hea-teada\/\" class=\"post-root post post-post\" aria-current=\"page\"><span property=\"name\">Hea teada<\/span><\/a><meta property=\"position\" content=\"1\"><\/span>\t\t<\/div>\n\t\t<\/div>\t\t\t\t<\/div>\n\t\t\t\t<\/div>\n\t\t\t\t<div class=\"elementor-element elementor-element-b3a2dd7 elementor-widget__width-initial elementor-widget elementor-widget-text-editor\" data-id=\"b3a2dd7\" data-element_type=\"widget\" data-e-type=\"widget\" data-widget_type=\"text-editor.default\">\n\t\t\t\t<div class=\"elementor-widget-container\">\n\t\t\t\t\t\t\t\t\t<p>CHK:n yrityspalvelut tukevat yrityksi\u00e4 elinkaaren kaikissa vaiheissa \u2013 neuvomme sinua yrityksen rekister\u00f6innist\u00e4 aina selvitystilaan asettamiseen saakka.<\/p>\n\t\t\t\t\t\t\t\t<\/div>\n\t\t\t\t<\/div>\n\t\t\t\t<div class=\"elementor-element elementor-element-6d9935b elementor-widget-divider--separator-type-pattern elementor-widget-divider--view-line elementor-invisible elementor-widget elementor-widget-global elementor-global-2871 elementor-widget-divider\" data-id=\"6d9935b\" data-element_type=\"widget\" data-e-type=\"widget\" data-settings=\"{&quot;_animation&quot;:&quot;rubberBand&quot;}\" data-widget_type=\"divider.default\">\n\t\t\t\t<div class=\"elementor-widget-container\">\n\t\t\t\t\t\t\t<div class=\"elementor-divider\" style=\"--divider-pattern-url: url(&quot;data:image\/svg+xml,%3Csvg xmlns=&#039;http:\/\/www.w3.org\/2000\/svg&#039; preserveAspectRatio=&#039;none&#039; overflow=&#039;visible&#039; height=&#039;100%&#039; viewBox=&#039;0 0 24 24&#039; fill=&#039;none&#039; stroke=&#039;black&#039; stroke-width=&#039;5&#039; stroke-linecap=&#039;square&#039; stroke-miterlimit=&#039;10&#039;%3E%3Cpolyline points=&#039;0,18 12,6 24,18 &#039;\/%3E%3C\/svg%3E&quot;);\">\n\t\t\t<span class=\"elementor-divider-separator\">\n\t\t\t\t\t\t<\/span>\n\t\t<\/div>\n\t\t\t\t\t\t<\/div>\n\t\t\t\t<\/div>\n\t\t\t\t<\/div>\n\t\t<div class=\"elementor-element elementor-element-151ed5f e-con-full elementor-hidden-mobile e-flex e-con e-child\" data-id=\"151ed5f\" data-element_type=\"container\" data-e-type=\"container\">\n\t\t\t\t<div class=\"elementor-element elementor-element-37e6222 elementor-align-center elementor-widget elementor-widget-lottie\" data-id=\"37e6222\" data-element_type=\"widget\" data-e-type=\"widget\" data-settings=\"{&quot;source_json&quot;:{&quot;url&quot;:&quot;https:\\\/\\\/www.chk.ee\\\/wp-content\\\/uploads\\\/2023\\\/09\\\/chk_mummud_v2.json&quot;,&quot;id&quot;:2924,&quot;size&quot;:&quot;&quot;,&quot;alt&quot;:&quot;&quot;,&quot;source&quot;:&quot;library&quot;},&quot;lazyload&quot;:&quot;yes&quot;,&quot;_animation&quot;:&quot;none&quot;,&quot;source&quot;:&quot;media_file&quot;,&quot;caption_source&quot;:&quot;none&quot;,&quot;link_to&quot;:&quot;none&quot;,&quot;trigger&quot;:&quot;arriving_to_viewport&quot;,&quot;viewport&quot;:{&quot;unit&quot;:&quot;%&quot;,&quot;size&quot;:&quot;&quot;,&quot;sizes&quot;:{&quot;start&quot;:0,&quot;end&quot;:100}},&quot;play_speed&quot;:{&quot;unit&quot;:&quot;px&quot;,&quot;size&quot;:1,&quot;sizes&quot;:[]},&quot;start_point&quot;:{&quot;unit&quot;:&quot;%&quot;,&quot;size&quot;:0,&quot;sizes&quot;:[]},&quot;end_point&quot;:{&quot;unit&quot;:&quot;%&quot;,&quot;size&quot;:100,&quot;sizes&quot;:[]},&quot;renderer&quot;:&quot;svg&quot;}\" data-widget_type=\"lottie.default\">\n\t\t\t\t<div class=\"elementor-widget-container\">\n\t\t\t\t\t<div class=\"e-lottie__container\"><div class=\"e-lottie__animation\"><\/div><\/div>\t\t\t\t<\/div>\n\t\t\t\t<\/div>\n\t\t\t\t<\/div>\n\t\t\t\t\t<\/div>\n\t\t\t\t<\/div>\n\t\t<div class=\"elementor-element elementor-element-396fd33 e-flex e-con-boxed e-con e-parent\" data-id=\"396fd33\" data-element_type=\"container\" data-e-type=\"container\" data-settings=\"{&quot;background_background&quot;:&quot;classic&quot;}\">\n\t\t\t\t\t<div class=\"e-con-inner\">\n\t\t<div class=\"elementor-element elementor-element-7ce0a1f e-con-full e-flex e-con e-child\" data-id=\"7ce0a1f\" data-element_type=\"container\" data-e-type=\"container\">\n\t\t\t\t<div class=\"elementor-element elementor-element-990895b elementor-widget elementor-widget-image\" data-id=\"990895b\" data-element_type=\"widget\" data-e-type=\"widget\" data-widget_type=\"image.default\">\n\t\t\t\t<div class=\"elementor-widget-container\">\n\t\t\t\t\t\t\t\t\t\t\t\t\t\t\t<img fetchpriority=\"high\" decoding=\"async\" width=\"768\" height=\"941\" src=\"https:\/\/www.chk.ee\/wp-content\/uploads\/2023\/09\/eesti-ariteenused-768x941.jpg\" class=\"attachment-medium_large size-medium_large wp-image-6084\" alt=\"CHK Yrityspalvelut\" srcset=\"https:\/\/www.chk.ee\/wp-content\/uploads\/2023\/09\/eesti-ariteenused-768x941.jpg 768w, https:\/\/www.chk.ee\/wp-content\/uploads\/2023\/09\/eesti-ariteenused-245x300.jpg 245w, https:\/\/www.chk.ee\/wp-content\/uploads\/2023\/09\/eesti-ariteenused-836x1024.jpg 836w, https:\/\/www.chk.ee\/wp-content\/uploads\/2023\/09\/eesti-ariteenused-1253x1536.jpg 1253w, https:\/\/www.chk.ee\/wp-content\/uploads\/2023\/09\/eesti-ariteenused-1671x2048.jpg 1671w, https:\/\/www.chk.ee\/wp-content\/uploads\/2023\/09\/eesti-ariteenused-600x735.jpg 600w\" sizes=\"(max-width: 768px) 100vw, 768px\" \/>\t\t\t\t\t\t\t\t\t\t\t\t\t\t\t<\/div>\n\t\t\t\t<\/div>\n\t\t\t\t<\/div>\n\t\t<div class=\"elementor-element elementor-element-a4a3fc8 e-con-full e-flex e-con e-child\" data-id=\"a4a3fc8\" data-element_type=\"container\" data-e-type=\"container\">\n\t\t\t\t<div class=\"elementor-element elementor-element-2f16462 elementor-widget elementor-widget-text-editor\" data-id=\"2f16462\" data-element_type=\"widget\" data-e-type=\"widget\" data-widget_type=\"text-editor.default\">\n\t\t\t\t<div class=\"elementor-widget-container\">\n\t\t\t\t\t\t\t\t\t<p><strong>CHK:n asiantuntijat, joilla on laaja kokemus ja vahva ammattikoulutus<\/strong>, tuntevat hyvin ty\u00f6- ja liiketoimintalait sek\u00e4 kansalliset vaatimukset, jotka vaikuttavat yritystoimintaan Virossa.<\/p>\n<p><strong>Yrityspalveluihimme kuuluu muun muassa avustaminen yrityksen perustamisessa, kiinte\u00e4n toimipaikan rekister\u00f6innin j\u00e4rjest\u00e4minen ja muut tarvittavat rekister\u00f6innit eri rekistereihin.<\/strong><\/p>\n<p>CHK avustaa muun muassa yrityksen perustamisessa, haltuunotossa, fuusiossa ja selvitystilaan asettamisessa; yrityksen osto- ja myyntij\u00e4rjestelyiss\u00e4 sek\u00e4 kaupparekisteritoimissa. <strong>Lis\u00e4ksi tarjoamme valikoiman muita yrityspalveluita, joilla CHK voi tukea yrityst\u00e4si.<\/strong><\/p>\n<p><strong>Tarjoamme pitk\u00e4aikaisille asiakkaillemme lis\u00e4palveluna postilaatikkopalvelua, jossa yrityksesi voi k\u00e4ytt\u00e4\u00e4 CHK-osoitetta, jolloin kirjanpit\u00e4j\u00e4 saa postin v\u00e4litt\u00f6m\u00e4sti.<\/strong><\/p>\n<p><span style=\"text-align: center;\">Ota yhteytt\u00e4, niin l\u00f6yd\u00e4mme sinulle parhaan ratkaisun!<\/span><strong><br \/><\/strong><\/p>\n\t\t\t\t\t\t\t\t<\/div>\n\t\t\t\t<\/div>\n\t\t\t\t<div class=\"elementor-element elementor-element-70ff61f elementor-widget elementor-widget-button\" data-id=\"70ff61f\" data-element_type=\"widget\" data-e-type=\"widget\" data-widget_type=\"button.default\">\n\t\t\t\t<div class=\"elementor-widget-container\">\n\t\t\t\t\t\t\t\t\t<div class=\"elementor-button-wrapper\">\n\t\t\t\t\t<a class=\"elementor-button elementor-button-link elementor-size-xl\" href=\"https:\/\/www.chk.ee\/fi\/yhteystiedot\/\">\n\t\t\t\t\t\t<span class=\"elementor-button-content-wrapper\">\n\t\t\t\t\t\t\t\t\t<span class=\"elementor-button-text\">Ota yhteytt\u00e4<\/span>\n\t\t\t\t\t<\/span>\n\t\t\t\t\t<\/a>\n\t\t\t\t<\/div>\n\t\t\t\t\t\t\t\t<\/div>\n\t\t\t\t<\/div>\n\t\t\t\t<\/div>\n\t\t\t\t\t<\/div>\n\t\t\t\t<\/div>\n\t\t<div class=\"elementor-element elementor-element-c0b0ce6 e-flex e-con-boxed e-con e-parent\" data-id=\"c0b0ce6\" data-element_type=\"container\" data-e-type=\"container\">\n\t\t\t\t\t<div class=\"e-con-inner\">\n\t\t\t\t<div class=\"elementor-element elementor-element-6ee4145 elementor-widget elementor-widget-heading\" data-id=\"6ee4145\" data-element_type=\"widget\" data-e-type=\"widget\" data-widget_type=\"heading.default\">\n\t\t\t\t<div class=\"elementor-widget-container\">\n\t\t\t\t\t<h2 class=\"elementor-heading-title elementor-size-default\">palautetta asiakkailtamme<\/h2>\t\t\t\t<\/div>\n\t\t\t\t<\/div>\n\t\t\t\t<div class=\"elementor-element elementor-element-1c14e16 elementor-testimonial--layout-image_stacked elementor-testimonial--skin-default elementor-testimonial--align-center elementor-arrows-yes elementor-widget elementor-widget-global elementor-global-4745 elementor-global-874 elementor-widget-testimonial-carousel\" data-id=\"1c14e16\" data-element_type=\"widget\" data-e-type=\"widget\" data-settings=\"{&quot;slides_per_view&quot;:&quot;1&quot;,&quot;slides_to_scroll&quot;:&quot;1&quot;,&quot;lazyload&quot;:&quot;yes&quot;,&quot;autoplay_speed&quot;:8000,&quot;show_arrows&quot;:&quot;yes&quot;,&quot;speed&quot;:500,&quot;autoplay&quot;:&quot;yes&quot;,&quot;loop&quot;:&quot;yes&quot;,&quot;pause_on_hover&quot;:&quot;yes&quot;,&quot;pause_on_interaction&quot;:&quot;yes&quot;,&quot;space_between&quot;:{&quot;unit&quot;:&quot;px&quot;,&quot;size&quot;:10,&quot;sizes&quot;:[]},&quot;space_between_tablet&quot;:{&quot;unit&quot;:&quot;px&quot;,&quot;size&quot;:10,&quot;sizes&quot;:[]},&quot;space_between_mobile&quot;:{&quot;unit&quot;:&quot;px&quot;,&quot;size&quot;:10,&quot;sizes&quot;:[]}}\" data-widget_type=\"testimonial-carousel.default\">\n\t\t\t\t<div class=\"elementor-widget-container\">\n\t\t\t\t\t\t\t\t\t<div class=\"elementor-swiper\">\n\t\t\t\t\t<div class=\"elementor-main-swiper swiper\" role=\"region\" aria-roledescription=\"carousel\" aria-label=\"Slides\">\n\t\t\t\t<div class=\"swiper-wrapper\">\n\t\t\t\t\t\t\t\t\t\t\t<div class=\"swiper-slide\" role=\"group\" aria-roledescription=\"slide\">\n\t\t\t\t\t\t\t\t\t<div class=\"elementor-testimonial\">\n\t\t\t\t\t\t\t<div class=\"elementor-testimonial__content\">\n\t\t\t\t\t<div class=\"elementor-testimonial__text\">\n\t\t\t\t\t\t<p>CH Konsultatsioonid on tukenut yrityst\u00e4mme jo vuosien ajan veroneuvonnassa ja kirjanpitotoiminnoissa, jotka liittyv\u00e4t toimintaamme Suomessa ja Ruotsissa. Suosittelemme l\u00e4mpim\u00e4sti CH Konsultatsioonid O\u00dc:t\u00e4, sill\u00e4 se tarjoaa asiantuntevaa neuvontaa ja nopeita vastauksia.<\/p>\n\t\t\t\t\t<\/div>\n\t\t\t\t\t\t\t\t\t<\/div>\n\t\t\t\t\t\t<div class=\"elementor-testimonial__footer\">\n\t\t\t\t\t\t\t\t<cite class=\"elementor-testimonial__cite\"><span class=\"elementor-testimonial__name\">Strove<\/span><\/cite>\t\t\t<\/div>\n\t\t<\/div>\n\t\t\t\t\t\t\t\t<\/div>\n\t\t\t\t\t\t\t\t\t\t\t<div class=\"swiper-slide\" role=\"group\" aria-roledescription=\"slide\">\n\t\t\t\t\t\t\t\t\t<div class=\"elementor-testimonial\">\n\t\t\t\t\t\t\t<div class=\"elementor-testimonial__content\">\n\t\t\t\t\t<div class=\"elementor-testimonial__text\">\n\t\t\t\t\t\t<p>We value the professionalism and the services of CHK. We always can rely on their expertise and knowhow. CHK is a service provider where we feel at home. <\/p>\n\t\t\t\t\t<\/div>\n\t\t\t\t\t\t\t\t\t<\/div>\n\t\t\t\t\t\t<div class=\"elementor-testimonial__footer\">\n\t\t\t\t\t\t\t\t<cite class=\"elementor-testimonial__cite\"><span class=\"elementor-testimonial__name\">PostPlus Estonia<\/span><\/cite>\t\t\t<\/div>\n\t\t<\/div>\n\t\t\t\t\t\t\t\t<\/div>\n\t\t\t\t\t\t\t\t\t\t\t<div class=\"swiper-slide\" role=\"group\" aria-roledescription=\"slide\">\n\t\t\t\t\t\t\t\t\t<div class=\"elementor-testimonial\">\n\t\t\t\t\t\t\t<div class=\"elementor-testimonial__content\">\n\t\t\t\t\t<div class=\"elementor-testimonial__text\">\n\t\t\t\t\t\t<p>Olen tehnyt yhteisty\u00f6t\u00e4 Christer Haimin kanssa jo vuodesta 2006. Koska olen k\u00e4ytt\u00e4nyt CHK:n palveluita l\u00e4hes 20 vuoden ajan, on selv\u00e4\u00e4, ett\u00e4 kumppanuutemme on sujunut eritt\u00e4in hyvin.<br \/>\nEi ole olemassa kirjanpitoon liittyv\u00e4\u00e4 ongelmaa tai kysymyst\u00e4, johon Christer ei l\u00f6yt\u00e4isi ratkaisua. Pid\u00e4n h\u00e4nt\u00e4 Viron p\u00e4tevimp\u00e4n\u00e4 kirjanpit\u00e4j\u00e4n\u00e4 ja suosittelen CHK:n palveluita kaikille, jotka tarvitsevat ammattitaitoista kirjanpitopalvelua.<\/p>\n\t\t\t\t\t<\/div>\n\t\t\t\t\t\t\t\t\t<\/div>\n\t\t\t\t\t\t<div class=\"elementor-testimonial__footer\">\n\t\t\t\t\t\t\t\t<cite class=\"elementor-testimonial__cite\"><span class=\"elementor-testimonial__name\">Fitlap<\/span><\/cite>\t\t\t<\/div>\n\t\t<\/div>\n\t\t\t\t\t\t\t\t<\/div>\n\t\t\t\t\t\t\t\t\t\t\t<div class=\"swiper-slide\" role=\"group\" aria-roledescription=\"slide\">\n\t\t\t\t\t\t\t\t\t<div class=\"elementor-testimonial\">\n\t\t\t\t\t\t\t<div class=\"elementor-testimonial__content\">\n\t\t\t\t\t<div class=\"elementor-testimonial__text\">\n\t\t\t\t\t\t<p>CHK:n henkil\u00f6kunta on mukava, sitoutunut ja avulias, ja sen kanssa yhteisty\u00f6 sujuu erinomaisesti. Ongelmat ratkaistaan aina nopeasti ja kysymyksiin annetaan perusteelliset vastaukset. My\u00f6s liiketoiminta-analytiikan seuranta ja mukauttaminen Power BI:ss\u00e4 on analyytikon tuen ansiosta helppoa ja selke\u00e4\u00e4. Eritt\u00e4in ammattitaitoiset ty\u00f6ntekij\u00e4t sek\u00e4 liiketoiminta-analytiikassa ett\u00e4 kirjanpidossa. Yhteisty\u00f6 on aina nopeaa ja tehokasta.<\/p>\n\t\t\t\t\t<\/div>\n\t\t\t\t\t\t\t\t\t<\/div>\n\t\t\t\t\t\t<div class=\"elementor-testimonial__footer\">\n\t\t\t\t\t\t\t\t<cite class=\"elementor-testimonial__cite\"><span class=\"elementor-testimonial__name\">Falcon<\/span><\/cite>\t\t\t<\/div>\n\t\t<\/div>\n\t\t\t\t\t\t\t\t<\/div>\n\t\t\t\t\t\t\t\t\t\t\t<div class=\"swiper-slide\" role=\"group\" aria-roledescription=\"slide\">\n\t\t\t\t\t\t\t\t\t<div class=\"elementor-testimonial\">\n\t\t\t\t\t\t\t<div class=\"elementor-testimonial__content\">\n\t\t\t\t\t<div class=\"elementor-testimonial__text\">\n\t\t\t\t\t\t<p>CHK huolehtii veroilmoitustemme j\u00e4tt\u00e4misest\u00e4 sek\u00e4 Suomessa ett\u00e4 Ruotsissa. Lis\u00e4ksi he hoitavat Ruotsissa my\u00f6s palkanlaskentamme. On selv\u00e4\u00e4, ett\u00e4 he ymm\u00e4rt\u00e4v\u00e4t eri maiden kirjanpitoa ja pystyv\u00e4t tekem\u00e4\u00e4n sen ymm\u00e4rrett\u00e4v\u00e4ksi kaikille.<br \/>\nOlemme eritt\u00e4in tyytyv\u00e4isi\u00e4. Ruotsalainen myyj\u00e4mme on my\u00f6s eritt\u00e4in tyytyv\u00e4inen CHK:n projektip\u00e4\u00e4llik\u00f6n ruotsin kielen taitoon. Voimme aina luottaa CHK:hon, kun tarvitsemme nopeita ja asiantuntevia vastauksia ja selityksi\u00e4. <\/p>\n\t\t\t\t\t<\/div>\n\t\t\t\t\t\t\t\t\t<\/div>\n\t\t\t\t\t\t<div class=\"elementor-testimonial__footer\">\n\t\t\t\t\t\t\t\t<cite class=\"elementor-testimonial__cite\"><span class=\"elementor-testimonial__name\">Granimar<\/span><\/cite>\t\t\t<\/div>\n\t\t<\/div>\n\t\t\t\t\t\t\t\t<\/div>\n\t\t\t\t\t\t\t\t\t\t\t<div class=\"swiper-slide\" role=\"group\" aria-roledescription=\"slide\">\n\t\t\t\t\t\t\t\t\t<div class=\"elementor-testimonial\">\n\t\t\t\t\t\t\t<div class=\"elementor-testimonial__content\">\n\t\t\t\t\t<div class=\"elementor-testimonial__text\">\n\t\t\t\t\t\t<p>Olemme eritt\u00e4in tyytyv\u00e4isi\u00e4 CHK:n kirjanpit\u00e4j\u00e4\u00e4n, joka tarjoaa meille t\u00e4t\u00e4 palvelua. H\u00e4n on aina k\u00e4ytett\u00e4viss\u00e4 ja hoitaa ty\u00f6ns\u00e4 nopeasti ja tarkasti.<br \/>\nMeill\u00e4 on hyv\u00e4 suhde, mik\u00e4 tekee yhteisty\u00f6st\u00e4 miellytt\u00e4v\u00e4\u00e4. Kun hallintoyhti\u00f6 ja kirjanpit\u00e4j\u00e4 ovat k\u00e4sitelleet asiat kesken\u00e4\u00e4n, ei niit\u00e4 tarvitse k\u00e4yd\u00e4 uudelleen l\u00e4pi hallituksen j\u00e4senten kanssa. Lis\u00e4ksi taloyhti\u00f6t ovat omaksuneet hyvin korto.ee -ymp\u00e4rist\u00f6n.<\/p>\n\t\t\t\t\t<\/div>\n\t\t\t\t\t\t\t\t\t<\/div>\n\t\t\t\t\t\t<div class=\"elementor-testimonial__footer\">\n\t\t\t\t\t\t\t\t<cite class=\"elementor-testimonial__cite\"><span class=\"elementor-testimonial__name\">Strantum<\/span><\/cite>\t\t\t<\/div>\n\t\t<\/div>\n\t\t\t\t\t\t\t\t<\/div>\n\t\t\t\t\t\t\t\t\t\t\t<div class=\"swiper-slide\" role=\"group\" aria-roledescription=\"slide\">\n\t\t\t\t\t\t\t\t\t<div class=\"elementor-testimonial\">\n\t\t\t\t\t\t\t<div class=\"elementor-testimonial__content\">\n\t\t\t\t\t<div class=\"elementor-testimonial__text\">\n\t\t\t\t\t\t<p>CH Konsultatsioonid nosti kirjanpitomme uudelle tasolle Directo-ohjelman avulla. Aiemmin myyntilaskujen tekeminen vei kaksi p\u00e4iv\u00e4\u00e4, mutta nyt se sujuu huomattavasti helpommin.<br \/>\nDirecto-ohjelma mukautettiin vastaamaan liiketoimintaprosessejamme, ja lis\u00e4ksi tarjottiin r\u00e4\u00e4t\u00e4l\u00f6ity ratkaisu tiedon siirtoon taloushallinnon ohjelmistoon. Arvostan suuresti CHK:n neuvoja kirjanpidossa ja asiantuntemusta taloushallinnon ohjelmistoissa. Meille CHK on paljon enemm\u00e4n kuin pelkk\u00e4 tilitoimisto!<\/p>\n\t\t\t\t\t<\/div>\n\t\t\t\t\t\t\t\t\t<\/div>\n\t\t\t\t\t\t<div class=\"elementor-testimonial__footer\">\n\t\t\t\t\t\t\t\t<cite class=\"elementor-testimonial__cite\"><span class=\"elementor-testimonial__name\">Tartu Pesuk\u00f6\u00f6k<\/span><\/cite>\t\t\t<\/div>\n\t\t<\/div>\n\t\t\t\t\t\t\t\t<\/div>\n\t\t\t\t\t\t\t\t\t\t\t<div class=\"swiper-slide\" role=\"group\" aria-roledescription=\"slide\">\n\t\t\t\t\t\t\t\t\t<div class=\"elementor-testimonial\">\n\t\t\t\t\t\t\t<div class=\"elementor-testimonial__content\">\n\t\t\t\t\t<div class=\"elementor-testimonial__text\">\n\t\t\t\t\t\t<p>Juustotehdas on keskittynyt hollantilaisten pientilojen ja tuottajien juustojen maahantuontiin ja myyntiin. Olemme alusta asti k\u00e4ytt\u00e4neet CH Konsultatsioonid O\u00dc:n kirjanpitopalveluita, eik\u00e4 meill\u00e4 ole koskaan ollut syyt\u00e4 valittaa. Christerin ja h\u00e4nen tiimins\u00e4 reagointinopeus on h\u00e4mm\u00e4stytt\u00e4v\u00e4\u00e4. Vaikuttaa silt\u00e4, ett\u00e4 s\u00e4hk\u00f6posteihin vastattaisiin automaattisesti, mutta vastausten sis\u00e4ll\u00f6llisyys ja tarkkuus kumoavat t\u00e4m\u00e4n oletuksen. Eritt\u00e4in ammattimaisia neuvoja ja moitteetonta asioiden hoitoa. Olen aina suositellut heit\u00e4 kaikille ja teen niin jatkossakin.<\/p>\n\t\t\t\t\t<\/div>\n\t\t\t\t\t\t\t\t\t<\/div>\n\t\t\t\t\t\t<div class=\"elementor-testimonial__footer\">\n\t\t\t\t\t\t\t\t<cite class=\"elementor-testimonial__cite\"><span class=\"elementor-testimonial__name\">Juustotehdas<\/span><\/cite>\t\t\t<\/div>\n\t\t<\/div>\n\t\t\t\t\t\t\t\t<\/div>\n\t\t\t\t\t\t\t\t\t\t\t<div class=\"swiper-slide\" role=\"group\" aria-roledescription=\"slide\">\n\t\t\t\t\t\t\t\t\t<div class=\"elementor-testimonial\">\n\t\t\t\t\t\t\t<div class=\"elementor-testimonial__content\">\n\t\t\t\t\t<div class=\"elementor-testimonial__text\">\n\t\t\t\t\t\t<p>Olen hyvin kiitollinen ja eritt\u00e4in tyytyv\u00e4inen palveluun! Kaikki sujui nopeasti, sain eritt\u00e4in avuliasta ohjeistusta, ja kaikki oli juuri niin kuin odotinkin! Suosittelen muillekin.<br \/>\nKiitos paljon hyv\u00e4st\u00e4 yhteisty\u00f6st\u00e4!<\/p>\n\t\t\t\t\t<\/div>\n\t\t\t\t\t\t\t\t\t<\/div>\n\t\t\t\t\t\t<div class=\"elementor-testimonial__footer\">\n\t\t\t\t\t\t\t\t<cite class=\"elementor-testimonial__cite\"><span class=\"elementor-testimonial__name\">Anonyymi<\/span><\/cite>\t\t\t<\/div>\n\t\t<\/div>\n\t\t\t\t\t\t\t\t<\/div>\n\t\t\t\t\t\t\t\t\t\t\t<div class=\"swiper-slide\" role=\"group\" aria-roledescription=\"slide\">\n\t\t\t\t\t\t\t\t\t<div class=\"elementor-testimonial\">\n\t\t\t\t\t\t\t<div class=\"elementor-testimonial__content\">\n\t\t\t\t\t<div class=\"elementor-testimonial__text\">\n\t\t\t\t\t\t<p>Abakhan on tehnyt yhteisty\u00f6t\u00e4 useiden Baltian maiden tilitoimistojen kanssa. Siksi uskon, ett\u00e4 antamani korkea arvosana CHK:lle on objektiivinen. CHK:n kirjanpitopalvelu on asiantuntevaa ja aikaa s\u00e4\u00e4st\u00e4v\u00e4\u00e4. Sovitut menettelyt toimivat sujuvasti ilman jatkuvaa muistuttelua. Ty\u00f6ntekij\u00f6iden vaihtuessa CHK on huolehtinut tarvittavasta koulutuksesta ja t\u00f6iden saumattomasta siirrosta. Suosittelisinko CHK:ta muille? En tietenk\u00e4\u00e4n, koska haluan tehd\u00e4 yhteisty\u00f6t\u00e4 heid\u00e4n kanssaan itse.<\/p>\n\t\t\t\t\t<\/div>\n\t\t\t\t\t\t\t\t\t<\/div>\n\t\t\t\t\t\t<div class=\"elementor-testimonial__footer\">\n\t\t\t\t\t\t\t\t<cite class=\"elementor-testimonial__cite\"><span class=\"elementor-testimonial__name\">AS Abakhan Fabrics Eesti<\/span><\/cite>\t\t\t<\/div>\n\t\t<\/div>\n\t\t\t\t\t\t\t\t<\/div>\n\t\t\t\t\t\t\t\t\t<\/div>\n\t\t\t\t\t\t\t\t\t\t\t\t\t\t\t<div class=\"elementor-swiper-button elementor-swiper-button-prev\" role=\"button\" tabindex=\"0\" aria-label=\"Previous\">\n\t\t\t\t\t\t\t<svg aria-hidden=\"true\" class=\"e-font-icon-svg e-eicon-chevron-left\" viewBox=\"0 0 1000 1000\" xmlns=\"http:\/\/www.w3.org\/2000\/svg\"><path d=\"M646 125C629 125 613 133 604 142L308 442C296 454 292 471 292 487 292 504 296 521 308 533L604 854C617 867 629 875 646 875 663 875 679 871 692 858 704 846 713 829 713 812 713 796 708 779 692 767L438 487 692 225C700 217 708 204 708 187 708 171 704 154 692 142 675 129 663 125 646 125Z\"><\/path><\/svg>\t\t\t\t\t\t<\/div>\n\t\t\t\t\t\t<div class=\"elementor-swiper-button elementor-swiper-button-next\" role=\"button\" tabindex=\"0\" aria-label=\"Next\">\n\t\t\t\t\t\t\t<svg aria-hidden=\"true\" class=\"e-font-icon-svg e-eicon-chevron-right\" viewBox=\"0 0 1000 1000\" xmlns=\"http:\/\/www.w3.org\/2000\/svg\"><path d=\"M696 533C708 521 713 504 713 487 713 471 708 454 696 446L400 146C388 133 375 125 354 125 338 125 325 129 313 142 300 154 292 171 292 187 292 204 296 221 308 233L563 492 304 771C292 783 288 800 288 817 288 833 296 850 308 863 321 871 338 875 354 875 371 875 388 867 400 854L696 533Z\"><\/path><\/svg>\t\t\t\t\t\t<\/div>\n\t\t\t\t\t\t\t\t\t\t\t\t\t\t\t\t\t<\/div>\n\t\t\t\t<\/div>\n\t\t\t\t\t\t\t\t<\/div>\n\t\t\t\t<\/div>\n\t\t\t\t\t<\/div>\n\t\t\t\t<\/div>\n\t\t<div class=\"elementor-element elementor-element-ee3e153 e-flex e-con-boxed e-con e-parent\" data-id=\"ee3e153\" data-element_type=\"container\" data-e-type=\"container\" data-settings=\"{&quot;background_background&quot;:&quot;classic&quot;}\">\n\t\t\t\t\t<div class=\"e-con-inner\">\n\t\t\t\t<div class=\"elementor-element elementor-element-6da129d elementor-grid-tablet-3 elementor-grid-3 elementor-grid-mobile-1 elementor-widget elementor-widget-loop-grid\" data-id=\"6da129d\" data-element_type=\"widget\" data-e-type=\"widget\" data-settings=\"{&quot;template_id&quot;:1800,&quot;row_gap&quot;:{&quot;unit&quot;:&quot;px&quot;,&quot;size&quot;:50,&quot;sizes&quot;:[]},&quot;columns_tablet&quot;:3,&quot;_skin&quot;:&quot;post&quot;,&quot;columns&quot;:&quot;3&quot;,&quot;columns_mobile&quot;:&quot;1&quot;,&quot;edit_handle_selector&quot;:&quot;[data-elementor-type=\\&quot;loop-item\\&quot;]&quot;,&quot;row_gap_tablet&quot;:{&quot;unit&quot;:&quot;px&quot;,&quot;size&quot;:&quot;&quot;,&quot;sizes&quot;:[]},&quot;row_gap_mobile&quot;:{&quot;unit&quot;:&quot;px&quot;,&quot;size&quot;:&quot;&quot;,&quot;sizes&quot;:[]}}\" data-widget_type=\"loop-grid.post\">\n\t\t\t\t<div class=\"elementor-widget-container\">\n\t\t\t\t\t\t\t<div class=\"e-loop-nothing-found-message\">\n\t\t<\/div>\n\t\t\t\t\t\t<\/div>\n\t\t\t\t<\/div>\n\t\t\t\t\t<\/div>\n\t\t\t\t<\/div>\n\t\t\t\t<\/div>\n\t\t","protected":false},"excerpt":{"rendered":"<p>CHK:n yrityspalvelut tukevat yrityksi\u00e4 elinkaaren kaikissa vaiheissa \u2013 neuvomme sinua yrityksen rekister\u00f6innist\u00e4 aina selvitystilaan asettamiseen saakka. CHK:n asiantuntijat, joilla on laaja kokemus ja vahva ammattikoulutus, tuntevat hyvin ty\u00f6- ja liiketoimintalait sek\u00e4 kansalliset vaatimukset, jotka vaikuttavat yritystoimintaan Virossa. Yrityspalveluihimme kuuluu muun muassa avustaminen yrityksen perustamisessa, kiinte\u00e4n toimipaikan rekister\u00f6innin j\u00e4rjest\u00e4minen ja muut tarvittavat rekister\u00f6innit eri rekistereihin. CHK [&hellip;]<\/p>\n","protected":false},"author":1,"featured_media":0,"parent":4908,"menu_order":0,"comment_status":"closed","ping_status":"closed","template":"","meta":{"_acf_changed":false,"footnotes":""},"class_list":["post-4887","page","type-page","status-publish","hentry"],"acf":[],"_links":{"self":[{"href":"https:\/\/www.chk.ee\/fi\/wp-json\/wp\/v2\/pages\/4887","targetHints":{"allow":["GET"]}}],"collection":[{"href":"https:\/\/www.chk.ee\/fi\/wp-json\/wp\/v2\/pages"}],"about":[{"href":"https:\/\/www.chk.ee\/fi\/wp-json\/wp\/v2\/types\/page"}],"author":[{"embeddable":true,"href":"https:\/\/www.chk.ee\/fi\/wp-json\/wp\/v2\/users\/1"}],"replies":[{"embeddable":true,"href":"https:\/\/www.chk.ee\/fi\/wp-json\/wp\/v2\/comments?post=4887"}],"version-history":[{"count":2,"href":"https:\/\/www.chk.ee\/fi\/wp-json\/wp\/v2\/pages\/4887\/revisions"}],"predecessor-version":[{"id":5486,"href":"https:\/\/www.chk.ee\/fi\/wp-json\/wp\/v2\/pages\/4887\/revisions\/5486"}],"up":[{"embeddable":true,"href":"https:\/\/www.chk.ee\/fi\/wp-json\/wp\/v2\/pages\/4908"}],"wp:attachment":[{"href":"https:\/\/www.chk.ee\/fi\/wp-json\/wp\/v2\/media?parent=4887"}],"curies":[{"name":"wp","href":"https:\/\/api.w.org\/{rel}","templated":true}]}}